{"id":78795,"date":"2022-06-13T18:19:08","date_gmt":"2022-06-13T22:19:08","guid":{"rendered":"https:\/\/www.pinchili.com\/web\/?page_id=78795"},"modified":"2024-06-28T11:19:05","modified_gmt":"2024-06-28T15:19:05","slug":"podcast","status":"publish","type":"page","link":"https:\/\/www.pinchili.com\/web\/es\/podcast\/","title":{"rendered":"Podcast"},"content":{"rendered":"<div class=\"wpb-content-wrapper\"><p>[vc_row full_width=\u00bbstretch_row\u00bb css=\u00bb.vc_custom_1655217854957{margin-top: 0px !important;margin-bottom: 0px !important;padding-top: 200px !important;padding-bottom: 190px !important;background-image: url(https:\/\/www.pinchili.com\/web\/wp-content\/uploads\/2022\/06\/banner-podcast-1.jpg?id=78811) !important;background-position: center !important;background-repeat: no-repeat !important;background-size: cover !important;}\u00bb][vc_column][vc_column_text el_class=\u00bbsection-title\u00bb]<\/p>\n<h1 class=\"pri-color\" style=\"letter-spacing: 0.2em; color: #eeeeee;\"><span style=\"color: #eeeeee;\">C\u00f3mo Importar<br \/>\ndesde China<\/span><\/h1>\n<p>[\/vc_column_text][vc_custom_heading text=\u00bbGiselle Bonet\u00bb font_container=\u00bbtag:h3|font_size:25px|text_align:left|color:%23ffffff|line_height:1.6em\u00bb use_theme_fonts=\u00bbyes\u00bb css=\u00bb.vc_custom_1655217968102{margin-top: 20px !important;}\u00bb][\/vc_column][\/vc_row][vc_row full_width=\u00bbstretch_row\u00bb css=\u00bb.vc_custom_1478079396087{margin-top: 0px !important;margin-bottom: 0px !important;padding-top: 90px !important;padding-bottom: 90px !important;background-position: center !important;background-repeat: no-repeat !important;background-size: cover !important;}\u00bb][vc_column offset=\u00bbvc_col-lg-12 vc_col-md-12&#8243; reveal=\u00bbscale down 20%\u00bb][vc_column_text css=\u00bb.vc_custom_1655160678652{margin-top: 20px !important;}\u00bb]<\/p>\n<h5>\u00a1Hola! Saludos desde China, mi nombre es Giselle Bonet, soy CEO en Pinchili China @pinchilichina, una empresa dedicada a las importaciones desde el Gigante Asi\u00e1tico hacia habla hispana.<\/h5>\n<p>&nbsp;<\/p>\n<h5>Tengo m\u00e1s de 12 a\u00f1os de experiencia en el mundo del Comercio Internacional y ayudando a miles de emprendedores y empresas alrededor del mundo a lograr importaciones seguras, al mejor precio y con la mayor calidad.<\/h5>\n<p>&nbsp;<\/p>\n<h5>Inici\u00e9 este podcast porque quiero ayudarte en tu proceso de importaci\u00f3n compartiendo los conocimientos que he acumulado en los a\u00f1os que tengo viviendo y ejerciendo mi empresa desde China.<\/h5>\n<p>&nbsp;<\/p>\n<h4>\u00a1\u00c9xitos!<\/h4>\n<p>[\/vc_column_text][vc_row_inner][vc_column_inner][vc_raw_html]JTVCc29uYWFyX2F1ZGlvcGxheWVyJTIwcnNzX2ZlZWQlM0QlMjJodHRwcyUzQSUyRiUyRmFuY2hvci5mbSUyRnMlMkY2MTdkZDFmNCUyRnBvZGNhc3QlMkZyc3MlMjIlMjByc3NfaXRlbXMlM0QlMjIxMCUyMiUyMHByb2dyZXNzX2Jhcl9zdHlsZSUzRCUyMmRlZmF1bHQlMjIlMjB3YXZlX2Jhcl93aWR0aCUzRCUyMjElMjIlMjB3YXZlX2Jhcl9nYXAlM0QlMjIxJTIyJTIwcGxheWVyX2xheW91dCUzRCUyMnNraW5fZmxvYXRfdHJhY2tsaXN0JTIyJTIwdHJhY2tsaXN0X2xheW91dCUzRCUyMmxpc3QlMjIlMjBzaG93X3RyYWNrX21hcmtldCUzRCUyMnRydWUlMjIlMjBzaG93X3BsYXlsaXN0JTNEJTIydHJ1ZSUyMiUyMGNzcyUzRCUyMi5pcm9uLWF1ZGlvcGxheWVyJTdCYm9yZGVyLXJhZGl1cyUzQTUwcHglM0JvdmVyZmxvdyUzQWhpZGRlbiUzQiU3RCUyMiU1RCU1QiUyRnNvbmFhcl9hdWRpb3BsYXllciU1RA==[\/vc_raw_html][\/vc_column_inner][\/vc_row_inner][\/vc_column][\/vc_row][vc_row full_width=\u00bbstretch_row\u00bb css=\u00bb.vc_custom_1469787711765{padding-top: 130px !important;padding-bottom: 130px !important;background-image: url(http:\/\/www.pinchili.com\/web\/wp-content\/uploads\/2015\/09\/section13.jpg?id=461) !important;background-position: center !important;background-repeat: no-repeat !important;background-size: cover !important;}\u00bb][vc_column offset=\u00bbvc_col-lg-offset-3 vc_col-lg-6 vc_col-md-12&#8243; reveal=\u00bbflip -180deg\u00bb][vc_custom_heading text=\u00bb\u00bfQu\u00e9 hacemos en Pinchili?\u00bb font_container=\u00bbtag:h1|text_align:center|color:%23ffffff\u00bb use_theme_fonts=\u00bbyes\u00bb tm_letter_spacing=\u00bb0.05em\u00bb][vc_custom_heading text=\u00bbMira todo lo que hacemos de una forma mas din\u00e1mica en nuestro v\u00eddeo promocional\u00bb font_container=\u00bbtag:div|font_size:15px|text_align:center|color:%23ffffff\u00bb use_theme_fonts=\u00bbyes\u00bb css=\u00bb.vc_custom_1522449528444{margin-top: 10px !important;}\u00bb][vc_empty_space height=\u00bb20px\u00bb][vc_video link=\u00bbhttps:\/\/www.youtube.com\/watch?v=sXKddk1rTL0&#8243;][\/vc_column][\/vc_row][vc_row full_width=\u00bbstretch_row\u00bb css=\u00bb.vc_custom_1478079366025{margin-top: 0px !important;margin-bottom: 0px !important;padding-top: 90px !important;padding-bottom: 90px !important;background-position: center !important;background-repeat: no-repeat !important;background-size: cover !important;}\u00bb][vc_column offset=\u00bbvc_col-lg-12 vc_col-md-12&#8243; reveal=\u00bbscale down 20%\u00bb][vc_column_text css=\u00bb.vc_custom_1546624816253{margin-top: 20px !important;}\u00bb]<\/p>\n<h5 style=\"text-align: justify;\">Nos encargamos de ser el principal aliado comercial y proveedor de servicios log\u00edsticos para los empresarios e importadores desde China, seguir siendo reconocidos por nuestros socios estrat\u00e9gicos como la empresa l\u00edder en el mercado, brindando un servicio eficiente, de calidad, confiable para nuestros.<\/h5>\n<h5 style=\"text-align: justify;\">Somos una empresa de \u00e9xito consolidado con miles de contenedores exportados al mundo.<\/h5>\n<h5 style=\"text-align: justify;\">Nos encargamos de ser sus ojos en China, somos parte de su organizaci\u00f3n y de su equipo, nuestra labor de brindarles compras felices a nuestros clientes.<\/h5>\n<p>[\/vc_column_text][\/vc_column][\/vc_row][vc_row][vc_column][vc_column_text]<br \/>\n[\/vc_column_text][\/vc_column][\/vc_row]<\/p>\n<\/div>","protected":false},"excerpt":{"rendered":"<p>[vc_row full_width=\u00bbstretch_row\u00bb css=\u00bb.vc_custom_1655217854957{margin-top: 0px !important;margin-bottom: 0px !important;padding-top: 200px !important;padding-bottom: 190px !important;background-image: url(https:\/\/www.pinchili.com\/web\/wp-content\/uploads\/2022\/06\/banner-podcast-1.jpg?id=78811) !important;background-position: center !important;background-repeat: no-repeat !important;background-size: cover !important;}\u00bb][vc_column][vc_column_text el_class=\u00bbsection-title\u00bb] C\u00f3mo Importar desde China [\/vc_column_text][vc_custom_heading text=\u00bbGiselle Bonet\u00bb font_container=\u00bbtag:h3|font_size:25px|text_align:left|color:%23ffffff|line_height:1.6em\u00bb use_theme_fonts=\u00bbyes\u00bb css=\u00bb.vc_custom_1655217968102{margin-top: 20px !important;}\u00bb][\/vc_column][\/vc_row][vc_row full_width=\u00bbstretch_row\u00bb css=\u00bb.vc_custom_1478079396087{margin-top: 0px !important;margin-bottom: 0px !important;padding-top: 90px !important;padding-bottom: 90px !important;background-position: center !important;background-repeat: no-repeat !important;background-size: cover !important;}\u00bb][vc_column offset=\u00bbvc_col-lg-12 vc_col-md-12&#8243; reveal=\u00bbscale down 20%\u00bb][vc_column_text css=\u00bb.vc_custom_1655160678652{margin-top: 20px [&hellip;]<\/p>\n","protected":false},"author":1,"featured_media":0,"parent":0,"menu_order":0,"comment_status":"closed","ping_status":"closed","template":"","meta":{"_monsterinsights_skip_tracking":false,"_monsterinsights_sitenote_active":false,"_monsterinsights_sitenote_note":"","_monsterinsights_sitenote_category":0,"_joinchat":[],"footnotes":""},"class_list":["post-78795","page","type-page","status-publish","hentry"],"yoast_head":"<!-- This site is optimized with the Yoast SEO plugin v27.5 - https:\/\/yoast.com\/product\/yoast-seo-wordpress\/ -->\n<title>Podcast - Pinchili<\/title>\n<meta name=\"robots\" content=\"index, follow, max-snippet:-1, max-image-preview:large, max-video-preview:-1\" \/>\n<link rel=\"canonical\" href=\"https:\/\/www.pinchili.com\/web\/es\/podcast\/\" \/>\n<meta property=\"og:locale\" content=\"es_ES\" \/>\n<meta property=\"og:type\" content=\"article\" \/>\n<meta property=\"og:title\" content=\"Podcast - Pinchili\" \/>\n<meta property=\"og:description\" content=\"[vc_row full_width=\u00bbstretch_row\u00bb css=\u00bb.vc_custom_1655217854957{margin-top: 0px !important;margin-bottom: 0px !important;padding-top: 200px !important;padding-bottom: 190px !important;background-image: url(https:\/\/www.pinchili.com\/web\/wp-content\/uploads\/2022\/06\/banner-podcast-1.jpg?id=78811) !important;background-position: center !important;background-repeat: no-repeat !important;background-size: cover !important;}\u00bb][vc_column][vc_column_text el_class=\u00bbsection-title\u00bb] C\u00f3mo Importar desde China [\/vc_column_text][vc_custom_heading text=\u00bbGiselle Bonet\u00bb font_container=\u00bbtag:h3|font_size:25px|text_align:left|color:%23ffffff|line_height:1.6em\u00bb use_theme_fonts=\u00bbyes\u00bb css=\u00bb.vc_custom_1655217968102{margin-top: 20px !important;}\u00bb][\/vc_column][\/vc_row][vc_row full_width=\u00bbstretch_row\u00bb css=\u00bb.vc_custom_1478079396087{margin-top: 0px !important;margin-bottom: 0px !important;padding-top: 90px !important;padding-bottom: 90px !important;background-position: center !important;background-repeat: no-repeat !important;background-size: cover !important;}\u00bb][vc_column offset=\u00bbvc_col-lg-12 vc_col-md-12&#8243; reveal=\u00bbscale down 20%\u00bb][vc_column_text css=\u00bb.vc_custom_1655160678652{margin-top: 20px [&hellip;]\" \/>\n<meta property=\"og:url\" content=\"https:\/\/www.pinchili.com\/web\/es\/podcast\/\" \/>\n<meta property=\"og:site_name\" content=\"Pinchili\" \/>\n<meta property=\"article:publisher\" content=\"https:\/\/www.facebook.com\/pinchilichina\" \/>\n<meta property=\"article:modified_time\" content=\"2024-06-28T15:19:05+00:00\" \/>\n<meta property=\"og:image\" content=\"https:\/\/www.pinchili.com\/web\/wp-content\/uploads\/2021\/12\/avatar3.png\" \/>\n\t<meta property=\"og:image:width\" content=\"500\" \/>\n\t<meta property=\"og:image:height\" content=\"500\" \/>\n\t<meta property=\"og:image:type\" content=\"image\/png\" \/>\n<meta name=\"twitter:card\" content=\"summary_large_image\" \/>\n<meta name=\"twitter:site\" content=\"@pinchili_china\" \/>\n<meta name=\"twitter:label1\" content=\"Tiempo de lectura\" \/>\n\t<meta name=\"twitter:data1\" content=\"2 minutos\" \/>\n<script type=\"application\/ld+json\" class=\"yoast-schema-graph\">{\"@context\":\"https:\\\/\\\/schema.org\",\"@graph\":[{\"@type\":\"WebPage\",\"@id\":\"https:\\\/\\\/www.pinchili.com\\\/web\\\/es\\\/podcast\\\/\",\"url\":\"https:\\\/\\\/www.pinchili.com\\\/web\\\/es\\\/podcast\\\/\",\"name\":\"Podcast - Pinchili\",\"isPartOf\":{\"@id\":\"https:\\\/\\\/www.pinchili.com\\\/web\\\/#website\"},\"datePublished\":\"2022-06-13T22:19:08+00:00\",\"dateModified\":\"2024-06-28T15:19:05+00:00\",\"breadcrumb\":{\"@id\":\"https:\\\/\\\/www.pinchili.com\\\/web\\\/es\\\/podcast\\\/#breadcrumb\"},\"inLanguage\":\"es\",\"potentialAction\":[{\"@type\":\"ReadAction\",\"target\":[\"https:\\\/\\\/www.pinchili.com\\\/web\\\/es\\\/podcast\\\/\"]}]},{\"@type\":\"BreadcrumbList\",\"@id\":\"https:\\\/\\\/www.pinchili.com\\\/web\\\/es\\\/podcast\\\/#breadcrumb\",\"itemListElement\":[{\"@type\":\"ListItem\",\"position\":1,\"name\":\"Portada\",\"item\":\"https:\\\/\\\/www.pinchili.com\\\/web\\\/es\\\/pinchili-2\\\/\"},{\"@type\":\"ListItem\",\"position\":2,\"name\":\"Podcast\"}]},{\"@type\":\"WebSite\",\"@id\":\"https:\\\/\\\/www.pinchili.com\\\/web\\\/#website\",\"url\":\"https:\\\/\\\/www.pinchili.com\\\/web\\\/\",\"name\":\"Pinchili\",\"description\":\"Inspecciones de Calidad en China\",\"publisher\":{\"@id\":\"https:\\\/\\\/www.pinchili.com\\\/web\\\/#organization\"},\"potentialAction\":[{\"@type\":\"SearchAction\",\"target\":{\"@type\":\"EntryPoint\",\"urlTemplate\":\"https:\\\/\\\/www.pinchili.com\\\/web\\\/?s={search_term_string}\"},\"query-input\":{\"@type\":\"PropertyValueSpecification\",\"valueRequired\":true,\"valueName\":\"search_term_string\"}}],\"inLanguage\":\"es\"},{\"@type\":\"Organization\",\"@id\":\"https:\\\/\\\/www.pinchili.com\\\/web\\\/#organization\",\"name\":\"Pinchili\",\"url\":\"https:\\\/\\\/www.pinchili.com\\\/web\\\/\",\"logo\":{\"@type\":\"ImageObject\",\"inLanguage\":\"es\",\"@id\":\"https:\\\/\\\/www.pinchili.com\\\/web\\\/#\\\/schema\\\/logo\\\/image\\\/\",\"url\":\"https:\\\/\\\/www.pinchili.com\\\/web\\\/wp-content\\\/uploads\\\/2015\\\/10\\\/nosotros.jpg\",\"contentUrl\":\"https:\\\/\\\/www.pinchili.com\\\/web\\\/wp-content\\\/uploads\\\/2015\\\/10\\\/nosotros.jpg\",\"width\":504,\"height\":442,\"caption\":\"Pinchili\"},\"image\":{\"@id\":\"https:\\\/\\\/www.pinchili.com\\\/web\\\/#\\\/schema\\\/logo\\\/image\\\/\"},\"sameAs\":[\"https:\\\/\\\/www.facebook.com\\\/pinchilichina\",\"https:\\\/\\\/x.com\\\/pinchili_china\",\"http:\\\/\\\/instagram.com\\\/pinchilichina\",\"https:\\\/\\\/www.youtube.com\\\/channel\\\/UCLfdc6OgDQLsphKhbESBmAg\"]}]}<\/script>\n<!-- \/ Yoast SEO plugin. -->","yoast_head_json":{"title":"Podcast - Pinchili","robots":{"index":"index","follow":"follow","max-snippet":"max-snippet:-1","max-image-preview":"max-image-preview:large","max-video-preview":"max-video-preview:-1"},"canonical":"https:\/\/www.pinchili.com\/web\/es\/podcast\/","og_locale":"es_ES","og_type":"article","og_title":"Podcast - Pinchili","og_description":"[vc_row full_width=\u00bbstretch_row\u00bb css=\u00bb.vc_custom_1655217854957{margin-top: 0px !important;margin-bottom: 0px !important;padding-top: 200px !important;padding-bottom: 190px !important;background-image: url(https:\/\/www.pinchili.com\/web\/wp-content\/uploads\/2022\/06\/banner-podcast-1.jpg?id=78811) !important;background-position: center !important;background-repeat: no-repeat !important;background-size: cover !important;}\u00bb][vc_column][vc_column_text el_class=\u00bbsection-title\u00bb] C\u00f3mo Importar desde China [\/vc_column_text][vc_custom_heading text=\u00bbGiselle Bonet\u00bb font_container=\u00bbtag:h3|font_size:25px|text_align:left|color:%23ffffff|line_height:1.6em\u00bb use_theme_fonts=\u00bbyes\u00bb css=\u00bb.vc_custom_1655217968102{margin-top: 20px !important;}\u00bb][\/vc_column][\/vc_row][vc_row full_width=\u00bbstretch_row\u00bb css=\u00bb.vc_custom_1478079396087{margin-top: 0px !important;margin-bottom: 0px !important;padding-top: 90px !important;padding-bottom: 90px !important;background-position: center !important;background-repeat: no-repeat !important;background-size: cover !important;}\u00bb][vc_column offset=\u00bbvc_col-lg-12 vc_col-md-12&#8243; reveal=\u00bbscale down 20%\u00bb][vc_column_text css=\u00bb.vc_custom_1655160678652{margin-top: 20px [&hellip;]","og_url":"https:\/\/www.pinchili.com\/web\/es\/podcast\/","og_site_name":"Pinchili","article_publisher":"https:\/\/www.facebook.com\/pinchilichina","article_modified_time":"2024-06-28T15:19:05+00:00","og_image":[{"width":500,"height":500,"url":"https:\/\/www.pinchili.com\/web\/wp-content\/uploads\/2021\/12\/avatar3.png","type":"image\/png"}],"twitter_card":"summary_large_image","twitter_site":"@pinchili_china","twitter_misc":{"Tiempo de lectura":"2 minutos"},"schema":{"@context":"https:\/\/schema.org","@graph":[{"@type":"WebPage","@id":"https:\/\/www.pinchili.com\/web\/es\/podcast\/","url":"https:\/\/www.pinchili.com\/web\/es\/podcast\/","name":"Podcast - Pinchili","isPartOf":{"@id":"https:\/\/www.pinchili.com\/web\/#website"},"datePublished":"2022-06-13T22:19:08+00:00","dateModified":"2024-06-28T15:19:05+00:00","breadcrumb":{"@id":"https:\/\/www.pinchili.com\/web\/es\/podcast\/#breadcrumb"},"inLanguage":"es","potentialAction":[{"@type":"ReadAction","target":["https:\/\/www.pinchili.com\/web\/es\/podcast\/"]}]},{"@type":"BreadcrumbList","@id":"https:\/\/www.pinchili.com\/web\/es\/podcast\/#breadcrumb","itemListElement":[{"@type":"ListItem","position":1,"name":"Portada","item":"https:\/\/www.pinchili.com\/web\/es\/pinchili-2\/"},{"@type":"ListItem","position":2,"name":"Podcast"}]},{"@type":"WebSite","@id":"https:\/\/www.pinchili.com\/web\/#website","url":"https:\/\/www.pinchili.com\/web\/","name":"Pinchili","description":"Inspecciones de Calidad en China","publisher":{"@id":"https:\/\/www.pinchili.com\/web\/#organization"},"potentialAction":[{"@type":"SearchAction","target":{"@type":"EntryPoint","urlTemplate":"https:\/\/www.pinchili.com\/web\/?s={search_term_string}"},"query-input":{"@type":"PropertyValueSpecification","valueRequired":true,"valueName":"search_term_string"}}],"inLanguage":"es"},{"@type":"Organization","@id":"https:\/\/www.pinchili.com\/web\/#organization","name":"Pinchili","url":"https:\/\/www.pinchili.com\/web\/","logo":{"@type":"ImageObject","inLanguage":"es","@id":"https:\/\/www.pinchili.com\/web\/#\/schema\/logo\/image\/","url":"https:\/\/www.pinchili.com\/web\/wp-content\/uploads\/2015\/10\/nosotros.jpg","contentUrl":"https:\/\/www.pinchili.com\/web\/wp-content\/uploads\/2015\/10\/nosotros.jpg","width":504,"height":442,"caption":"Pinchili"},"image":{"@id":"https:\/\/www.pinchili.com\/web\/#\/schema\/logo\/image\/"},"sameAs":["https:\/\/www.facebook.com\/pinchilichina","https:\/\/x.com\/pinchili_china","http:\/\/instagram.com\/pinchilichina","https:\/\/www.youtube.com\/channel\/UCLfdc6OgDQLsphKhbESBmAg"]}]}},"_links":{"self":[{"href":"https:\/\/www.pinchili.com\/web\/wp-json\/wp\/v2\/pages\/78795","targetHints":{"allow":["GET"]}}],"collection":[{"href":"https:\/\/www.pinchili.com\/web\/wp-json\/wp\/v2\/pages"}],"about":[{"href":"https:\/\/www.pinchili.com\/web\/wp-json\/wp\/v2\/types\/page"}],"author":[{"embeddable":true,"href":"https:\/\/www.pinchili.com\/web\/wp-json\/wp\/v2\/users\/1"}],"replies":[{"embeddable":true,"href":"https:\/\/www.pinchili.com\/web\/wp-json\/wp\/v2\/comments?post=78795"}],"version-history":[{"count":0,"href":"https:\/\/www.pinchili.com\/web\/wp-json\/wp\/v2\/pages\/78795\/revisions"}],"wp:attachment":[{"href":"https:\/\/www.pinchili.com\/web\/wp-json\/wp\/v2\/media?parent=78795"}],"curies":[{"name":"wp","href":"https:\/\/api.w.org\/{rel}","templated":true}]}}