{"id":78123,"date":"2020-07-25T19:25:18","date_gmt":"2020-07-25T23:25:18","guid":{"rendered":"https:\/\/www.pinchili.com\/web\/?page_id=78123"},"modified":"2024-06-24T20:31:16","modified_gmt":"2024-06-25T00:31:16","slug":"area-academica","status":"publish","type":"page","link":"https:\/\/www.pinchili.com\/web\/pt\/area-academica\/","title":{"rendered":"\u00c1rea acad\u00eamica"},"content":{"rendered":"<div class=\"wpb-content-wrapper\"><p>[vc_row full_width=\u00bbstretch_row\u00bb css=\u00bb.vc_custom_1478090550289{margin-top: 0px !important;margin-bottom: 0px !important;padding-top: 200px !important;padding-bottom: 190px !important;background-image: url(http:\/\/www.pinchili.com\/web\/wp-content\/uploads\/2015\/09\/NOSOTROS.png?id=76290) !important;background-position: center !important;background-repeat: no-repeat !important;background-size: cover !important;}\u00bb][vc_column][vc_column_text el_class=\u00bbsection-title\u00bb]<\/p>\n<h1 style=\"letter-spacing: 0.2em; color: #ffffff; font-weight: 900;\"><span style=\"color: #ffffff; font-weight: 200;\">\u00c1REA<\/span> ACAD\u00caMICA<\/h1>\n<p>[\/vc_column_text][vc_custom_heading text=\u00bbPinchili, uma empresa que desempenha com \u00eaxito e acumula anos de experi\u00eancia na importa\u00e7\u00e3o desde a China at\u00e9 o mundo, desenvolveu uma alian\u00e7a junto com a academia online especializada na forma\u00e7\u00e3o de novos profissionais, Imperio Ecom, para lhe oferecer: A \u00c1rea Acad\u00eamica. Na \u00c1rea Acad\u00eamica, apresentamos programas de aprendizagem que permitir\u00e3o iniciar, expandir e desenvolver suas ideias de neg\u00f3cio e te formar\u00e3o como um profissional das vendas e a importa\u00e7\u00e3o desde a China.\u00bb font_container=\u00bbtag:div|font_size:15px|text_align:left|color:%23ffffff|line_height:1.6em\u00bb use_theme_fonts=\u00bbyes\u00bb css=\u00bb.vc_custom_1595719286952{margin-top: 20px !important;}\u00bb][vc_empty_space height=\u00bb20px\u00bb][vc_custom_heading text=\u00bbFelizes de te acompanhar em seu caminho at\u00e9 o \u00eaxito!\u00bb font_container=\u00bbtag:div|font_size:19px|text_align:left|color:%23ffffff|line_height:1.6em\u00bb use_theme_fonts=\u00bbyes\u00bb css=\u00bb.vc_custom_1595719297618{margin-top: 20px !important;}\u00bb tm_font_weight=\u00bb900&#8243;][\/vc_column][\/vc_row][vc_row full_width=\u00bbstretch_row_content_no_spaces\u00bb css=\u00bb.vc_custom_1579884555284{margin-top: 0px !important;margin-bottom: 0px !important;padding-top: 90px !important;padding-bottom: 0px !important;background-position: center !important;background-repeat: no-repeat !important;background-size: cover !important;}\u00bb][vc_column offset=\u00bbvc_col-lg-12 vc_col-md-12&#8243; reveal=\u00bbscale down 20%\u00bb][vc_row_inner][vc_column_inner width=\u00bb1\/4&#8243;][vc_single_image image=\u00bb80337&#8243; img_size=\u00bbfull\u00bb][\/vc_column_inner][vc_column_inner width=\u00bb3\/4&#8243; css=\u00bb.vc_custom_1579884737491{padding-right: 30px !important;padding-left: 30px !important;}\u00bb][vc_custom_heading text=\u00bbCURSO DE IMPORTA\u00c7\u00c3O\u00bb font_container=\u00bbtag:h2|text_align:left|color:%23006699&#8243; use_theme_fonts=\u00bbyes\u00bb][vc_column_text css=\u00bb.vc_custom_1719275443321{margin-top: 20px !important;}\u00bb]<\/p>\n<h5 style=\"text-align: justify;\">Ol\u00e1, meu nome \u00e9 Giselle Bonet, sou diretora de Pinchili em mais de 14 anos de experi\u00eancia trabalhei com milhares de pessoas e empresas em 15 pa\u00edses da Hispano am\u00e9rica, com o \u00eaxito que tive apoiando as importa\u00e7\u00f5es de todos ele, decidi ensinar passo a passo e de uma maneira simples que qualquer pessoa possa entender como fazer importa\u00e7\u00f5es desde a China, como criar seu projeto de neg\u00f3cio, como escolher um produto, como fazer cada passo da compra at\u00e9 o envio at\u00e9 que tenha seus produtos em m\u00e3os. Al\u00e9m disso, como meu estudante tem o benef\u00edcio de ter um ano de assessoria personalizada para que nesse tempo te levemos de m\u00e3o e te protegemos na sua primeira importa\u00e7\u00e3o.<\/h5>\n<p>&nbsp;<\/p>\n<h5 style=\"text-align: justify;\">O curso inclui uma lista de fornecedores da feira de cant\u00f5es que atualizarei todos os anos e estar\u00e1 dispon\u00edvel para voc\u00ea.<\/h5>\n<p>&nbsp;<\/p>\n<h5 style=\"text-align: justify;\">Se quiser saber mais dos benef\u00edcios e promo\u00e7\u00f5es que temos, escreva para o <a href=\"https:\/\/api.whatsapp.com\/send?phone=8613600008314&amp;text=Buen%20d%C3%ADa.%20Quiero%20saber%20sobre%20sus%20servicios.\">Whstapp +8613600008314<\/a><\/h5>\n<p>[\/vc_column_text][vc_btn title=\u00bbMais informa\u00e7\u00e3o\u00bb i_icon_fontawesome=\u00bbfa fa-whatsapp\u00bb add_icon=\u00bbtrue\u00bb link=\u00bburl:https%3A%2F%2Fapi.whatsapp.com%2Fsend%3Fphone%3D8613600008314%26text%3DBuen%2520d%25C3%25ADa.%2520Quiero%2520informacion%2520sobre%2520el%2520curso%2520de%2520importacion||target:%20_blank|\u00bb][vc_column_text css=\u00bb.vc_custom_1595719436834{margin-top: 20px !important;}\u00bb]<\/p>\n<h5 style=\"text-align: justify;\">Lembre-se:<\/h5>\n<p>&nbsp;<\/p>\n<h4 style=\"text-align: justify;\">O conhecimento \u00e9 poder. Aprender \u00e9 seu super poder<\/h4>\n<p>&nbsp;<\/p>\n<h5 style=\"text-align: justify;\">Giselle Bonet<\/h5>\n<p>[\/vc_column_text][vc_empty_space][\/vc_column_inner][\/vc_row_inner][\/vc_column][\/vc_row]<\/p>\n<\/div>","protected":false},"excerpt":{"rendered":"<p>[vc_row full_width=\u00bbstretch_row\u00bb css=\u00bb.vc_custom_1478090550289{margin-top: 0px !important;margin-bottom: 0px !important;padding-top: 200px !important;padding-bottom: 190px !important;background-image: url(http:\/\/www.pinchili.com\/web\/wp-content\/uploads\/2015\/09\/NOSOTROS.png?id=76290) !important;background-position: center !important;background-repeat: no-repeat !important;background-size: cover !important;}\u00bb][vc_column][vc_column_text el_class=\u00bbsection-title\u00bb] \u00c1REA ACAD\u00caMICA [\/vc_column_text][vc_custom_heading text=\u00bbPinchili, uma empresa que desempenha com \u00eaxito e acumula anos de experi\u00eancia na importa\u00e7\u00e3o desde a China at\u00e9 o mundo, desenvolveu uma alian\u00e7a junto com a academia online especializada na forma\u00e7\u00e3o de [&hellip;]<\/p>\n","protected":false},"author":1,"featured_media":0,"parent":0,"menu_order":0,"comment_status":"closed","ping_status":"closed","template":"","meta":{"_monsterinsights_skip_tracking":false,"_monsterinsights_sitenote_active":false,"_monsterinsights_sitenote_note":"","_monsterinsights_sitenote_category":0,"_joinchat":{"telephone":"+8619865482512","message_send":"Bom dia, Eu gostaria de ter informa\u00e7\u00f5es sobre seus servi\u00e7os de importa\u00e7\u00e3o da China"},"footnotes":""},"class_list":["post-78123","page","type-page","status-publish","hentry"],"yoast_head":"<!-- This site is optimized with the Yoast SEO plugin v27.5 - https:\/\/yoast.com\/product\/yoast-seo-wordpress\/ -->\n<title>\u00c1rea acad\u00eamica - Pinchili<\/title>\n<meta name=\"robots\" content=\"index, follow, max-snippet:-1, max-image-preview:large, max-video-preview:-1\" \/>\n<link rel=\"canonical\" href=\"https:\/\/www.pinchili.com\/web\/pt\/area-academica\/\" \/>\n<meta property=\"og:locale\" content=\"es_ES\" \/>\n<meta property=\"og:type\" content=\"article\" \/>\n<meta property=\"og:title\" content=\"\u00c1rea acad\u00eamica - Pinchili\" \/>\n<meta property=\"og:description\" content=\"[vc_row full_width=\u00bbstretch_row\u00bb css=\u00bb.vc_custom_1478090550289{margin-top: 0px !important;margin-bottom: 0px !important;padding-top: 200px !important;padding-bottom: 190px !important;background-image: url(http:\/\/www.pinchili.com\/web\/wp-content\/uploads\/2015\/09\/NOSOTROS.png?id=76290) !important;background-position: center !important;background-repeat: no-repeat !important;background-size: cover !important;}\u00bb][vc_column][vc_column_text el_class=\u00bbsection-title\u00bb] \u00c1REA ACAD\u00caMICA [\/vc_column_text][vc_custom_heading text=\u00bbPinchili, uma empresa que desempenha com \u00eaxito e acumula anos de experi\u00eancia na importa\u00e7\u00e3o desde a China at\u00e9 o mundo, desenvolveu uma alian\u00e7a junto com a academia online especializada na forma\u00e7\u00e3o de [&hellip;]\" \/>\n<meta property=\"og:url\" content=\"https:\/\/www.pinchili.com\/web\/pt\/area-academica\/\" \/>\n<meta property=\"og:site_name\" content=\"Pinchili\" \/>\n<meta property=\"article:publisher\" content=\"https:\/\/www.facebook.com\/pinchilichina\" \/>\n<meta property=\"article:modified_time\" content=\"2024-06-25T00:31:16+00:00\" \/>\n<meta property=\"og:image\" content=\"https:\/\/www.pinchili.com\/web\/wp-content\/uploads\/2021\/12\/avatar3.png\" \/>\n\t<meta property=\"og:image:width\" content=\"500\" \/>\n\t<meta property=\"og:image:height\" content=\"500\" \/>\n\t<meta property=\"og:image:type\" content=\"image\/png\" \/>\n<meta name=\"twitter:card\" content=\"summary_large_image\" \/>\n<meta name=\"twitter:site\" content=\"@pinchili_china\" \/>\n<meta name=\"twitter:label1\" content=\"Tiempo de lectura\" \/>\n\t<meta name=\"twitter:data1\" content=\"2 minutos\" \/>\n<script type=\"application\/ld+json\" class=\"yoast-schema-graph\">{\"@context\":\"https:\\\/\\\/schema.org\",\"@graph\":[{\"@type\":\"WebPage\",\"@id\":\"https:\\\/\\\/www.pinchili.com\\\/web\\\/pt\\\/area-academica\\\/\",\"url\":\"https:\\\/\\\/www.pinchili.com\\\/web\\\/pt\\\/area-academica\\\/\",\"name\":\"\u00c1rea acad\u00eamica - Pinchili\",\"isPartOf\":{\"@id\":\"https:\\\/\\\/www.pinchili.com\\\/web\\\/#website\"},\"datePublished\":\"2020-07-25T23:25:18+00:00\",\"dateModified\":\"2024-06-25T00:31:16+00:00\",\"breadcrumb\":{\"@id\":\"https:\\\/\\\/www.pinchili.com\\\/web\\\/pt\\\/area-academica\\\/#breadcrumb\"},\"inLanguage\":\"es\",\"potentialAction\":[{\"@type\":\"ReadAction\",\"target\":[\"https:\\\/\\\/www.pinchili.com\\\/web\\\/pt\\\/area-academica\\\/\"]}]},{\"@type\":\"BreadcrumbList\",\"@id\":\"https:\\\/\\\/www.pinchili.com\\\/web\\\/pt\\\/area-academica\\\/#breadcrumb\",\"itemListElement\":[{\"@type\":\"ListItem\",\"position\":1,\"name\":\"Portada\",\"item\":\"https:\\\/\\\/www.pinchili.com\\\/web\\\/es\\\/pinchili-2\\\/\"},{\"@type\":\"ListItem\",\"position\":2,\"name\":\"\u00c1rea acad\u00eamica\"}]},{\"@type\":\"WebSite\",\"@id\":\"https:\\\/\\\/www.pinchili.com\\\/web\\\/#website\",\"url\":\"https:\\\/\\\/www.pinchili.com\\\/web\\\/\",\"name\":\"Pinchili\",\"description\":\"Inspecciones de Calidad en China\",\"publisher\":{\"@id\":\"https:\\\/\\\/www.pinchili.com\\\/web\\\/#organization\"},\"potentialAction\":[{\"@type\":\"SearchAction\",\"target\":{\"@type\":\"EntryPoint\",\"urlTemplate\":\"https:\\\/\\\/www.pinchili.com\\\/web\\\/?s={search_term_string}\"},\"query-input\":{\"@type\":\"PropertyValueSpecification\",\"valueRequired\":true,\"valueName\":\"search_term_string\"}}],\"inLanguage\":\"es\"},{\"@type\":\"Organization\",\"@id\":\"https:\\\/\\\/www.pinchili.com\\\/web\\\/#organization\",\"name\":\"Pinchili\",\"url\":\"https:\\\/\\\/www.pinchili.com\\\/web\\\/\",\"logo\":{\"@type\":\"ImageObject\",\"inLanguage\":\"es\",\"@id\":\"https:\\\/\\\/www.pinchili.com\\\/web\\\/#\\\/schema\\\/logo\\\/image\\\/\",\"url\":\"https:\\\/\\\/www.pinchili.com\\\/web\\\/wp-content\\\/uploads\\\/2015\\\/10\\\/nosotros.jpg\",\"contentUrl\":\"https:\\\/\\\/www.pinchili.com\\\/web\\\/wp-content\\\/uploads\\\/2015\\\/10\\\/nosotros.jpg\",\"width\":504,\"height\":442,\"caption\":\"Pinchili\"},\"image\":{\"@id\":\"https:\\\/\\\/www.pinchili.com\\\/web\\\/#\\\/schema\\\/logo\\\/image\\\/\"},\"sameAs\":[\"https:\\\/\\\/www.facebook.com\\\/pinchilichina\",\"https:\\\/\\\/x.com\\\/pinchili_china\",\"http:\\\/\\\/instagram.com\\\/pinchilichina\",\"https:\\\/\\\/www.youtube.com\\\/channel\\\/UCLfdc6OgDQLsphKhbESBmAg\"]}]}<\/script>\n<!-- \/ Yoast SEO plugin. -->","yoast_head_json":{"title":"\u00c1rea acad\u00eamica - Pinchili","robots":{"index":"index","follow":"follow","max-snippet":"max-snippet:-1","max-image-preview":"max-image-preview:large","max-video-preview":"max-video-preview:-1"},"canonical":"https:\/\/www.pinchili.com\/web\/pt\/area-academica\/","og_locale":"es_ES","og_type":"article","og_title":"\u00c1rea acad\u00eamica - Pinchili","og_description":"[vc_row full_width=\u00bbstretch_row\u00bb css=\u00bb.vc_custom_1478090550289{margin-top: 0px !important;margin-bottom: 0px !important;padding-top: 200px !important;padding-bottom: 190px !important;background-image: url(http:\/\/www.pinchili.com\/web\/wp-content\/uploads\/2015\/09\/NOSOTROS.png?id=76290) !important;background-position: center !important;background-repeat: no-repeat !important;background-size: cover !important;}\u00bb][vc_column][vc_column_text el_class=\u00bbsection-title\u00bb] \u00c1REA ACAD\u00caMICA [\/vc_column_text][vc_custom_heading text=\u00bbPinchili, uma empresa que desempenha com \u00eaxito e acumula anos de experi\u00eancia na importa\u00e7\u00e3o desde a China at\u00e9 o mundo, desenvolveu uma alian\u00e7a junto com a academia online especializada na forma\u00e7\u00e3o de [&hellip;]","og_url":"https:\/\/www.pinchili.com\/web\/pt\/area-academica\/","og_site_name":"Pinchili","article_publisher":"https:\/\/www.facebook.com\/pinchilichina","article_modified_time":"2024-06-25T00:31:16+00:00","og_image":[{"width":500,"height":500,"url":"https:\/\/www.pinchili.com\/web\/wp-content\/uploads\/2021\/12\/avatar3.png","type":"image\/png"}],"twitter_card":"summary_large_image","twitter_site":"@pinchili_china","twitter_misc":{"Tiempo de lectura":"2 minutos"},"schema":{"@context":"https:\/\/schema.org","@graph":[{"@type":"WebPage","@id":"https:\/\/www.pinchili.com\/web\/pt\/area-academica\/","url":"https:\/\/www.pinchili.com\/web\/pt\/area-academica\/","name":"\u00c1rea acad\u00eamica - Pinchili","isPartOf":{"@id":"https:\/\/www.pinchili.com\/web\/#website"},"datePublished":"2020-07-25T23:25:18+00:00","dateModified":"2024-06-25T00:31:16+00:00","breadcrumb":{"@id":"https:\/\/www.pinchili.com\/web\/pt\/area-academica\/#breadcrumb"},"inLanguage":"es","potentialAction":[{"@type":"ReadAction","target":["https:\/\/www.pinchili.com\/web\/pt\/area-academica\/"]}]},{"@type":"BreadcrumbList","@id":"https:\/\/www.pinchili.com\/web\/pt\/area-academica\/#breadcrumb","itemListElement":[{"@type":"ListItem","position":1,"name":"Portada","item":"https:\/\/www.pinchili.com\/web\/es\/pinchili-2\/"},{"@type":"ListItem","position":2,"name":"\u00c1rea acad\u00eamica"}]},{"@type":"WebSite","@id":"https:\/\/www.pinchili.com\/web\/#website","url":"https:\/\/www.pinchili.com\/web\/","name":"Pinchili","description":"Inspecciones de Calidad en China","publisher":{"@id":"https:\/\/www.pinchili.com\/web\/#organization"},"potentialAction":[{"@type":"SearchAction","target":{"@type":"EntryPoint","urlTemplate":"https:\/\/www.pinchili.com\/web\/?s={search_term_string}"},"query-input":{"@type":"PropertyValueSpecification","valueRequired":true,"valueName":"search_term_string"}}],"inLanguage":"es"},{"@type":"Organization","@id":"https:\/\/www.pinchili.com\/web\/#organization","name":"Pinchili","url":"https:\/\/www.pinchili.com\/web\/","logo":{"@type":"ImageObject","inLanguage":"es","@id":"https:\/\/www.pinchili.com\/web\/#\/schema\/logo\/image\/","url":"https:\/\/www.pinchili.com\/web\/wp-content\/uploads\/2015\/10\/nosotros.jpg","contentUrl":"https:\/\/www.pinchili.com\/web\/wp-content\/uploads\/2015\/10\/nosotros.jpg","width":504,"height":442,"caption":"Pinchili"},"image":{"@id":"https:\/\/www.pinchili.com\/web\/#\/schema\/logo\/image\/"},"sameAs":["https:\/\/www.facebook.com\/pinchilichina","https:\/\/x.com\/pinchili_china","http:\/\/instagram.com\/pinchilichina","https:\/\/www.youtube.com\/channel\/UCLfdc6OgDQLsphKhbESBmAg"]}]}},"_links":{"self":[{"href":"https:\/\/www.pinchili.com\/web\/wp-json\/wp\/v2\/pages\/78123","targetHints":{"allow":["GET"]}}],"collection":[{"href":"https:\/\/www.pinchili.com\/web\/wp-json\/wp\/v2\/pages"}],"about":[{"href":"https:\/\/www.pinchili.com\/web\/wp-json\/wp\/v2\/types\/page"}],"author":[{"embeddable":true,"href":"https:\/\/www.pinchili.com\/web\/wp-json\/wp\/v2\/users\/1"}],"replies":[{"embeddable":true,"href":"https:\/\/www.pinchili.com\/web\/wp-json\/wp\/v2\/comments?post=78123"}],"version-history":[{"count":0,"href":"https:\/\/www.pinchili.com\/web\/wp-json\/wp\/v2\/pages\/78123\/revisions"}],"wp:attachment":[{"href":"https:\/\/www.pinchili.com\/web\/wp-json\/wp\/v2\/media?parent=78123"}],"curies":[{"name":"wp","href":"https:\/\/api.w.org\/{rel}","templated":true}]}}