{"id":77876,"date":"2020-01-22T14:01:56","date_gmt":"2020-01-22T18:31:56","guid":{"rendered":"http:\/\/www.pinchili.com\/web\/?page_id=77876"},"modified":"2024-06-24T20:28:53","modified_gmt":"2024-06-25T00:28:53","slug":"academico","status":"publish","type":"page","link":"https:\/\/www.pinchili.com\/web\/es\/academico\/","title":{"rendered":"\u00c1rea Acad\u00e9mica"},"content":{"rendered":"<div class=\"wpb-content-wrapper\"><p>[vc_row full_width=\u00bbstretch_row\u00bb css=\u00bb.vc_custom_1478090550289{margin-top: 0px !important;margin-bottom: 0px !important;padding-top: 200px !important;padding-bottom: 190px !important;background-image: url(http:\/\/www.pinchili.com\/web\/wp-content\/uploads\/2015\/09\/NOSOTROS.png?id=76290) !important;background-position: center !important;background-repeat: no-repeat !important;background-size: cover !important;}\u00bb][vc_column][vc_column_text el_class=\u00bbsection-title\u00bb]<\/p>\n<h1 style=\"letter-spacing: 0.2em; color: #ffffff; font-weight: 900;\"><span style=\"color: #ffffff; font-weight: 200;\">\u00c1REA<\/span> ACAD\u00c9MICA<\/h1>\n<p>[\/vc_column_text][vc_custom_heading text=\u00bbPinchili, una empresa que se desempe\u00f1a exitosamente y acumula a\u00f1os de experiencia en la Importaci\u00f3n desde China hacia el mundo; desarroll\u00f3 una alianza junto a la academia online especializada en la formaci\u00f3n de nuevos profesionales, Imperio Ecom, para ofrecerles: el \u00c1rea Acad\u00e9mica. En el \u00c1rea Acad\u00e9mica presentamos programas de aprendizaje que te permitir\u00e1n iniciar, expandir y desarrollar tus ideas de negocio y te formar\u00e1n como un profesional de las ventas y la Importaci\u00f3n desde China.\u00bb font_container=\u00bbtag:div|font_size:15px|text_align:left|color:%23ffffff|line_height:1.6em\u00bb use_theme_fonts=\u00bbyes\u00bb css=\u00bb.vc_custom_1579721244931{margin-top: 20px !important;}\u00bb][vc_empty_space height=\u00bb20px\u00bb][vc_custom_heading text=\u00bb\u00a1Felices de acompa\u00f1arte en tu sendero hacia el \u00e9xito!\u00bb font_container=\u00bbtag:div|font_size:19px|text_align:left|color:%23ffffff|line_height:1.6em\u00bb use_theme_fonts=\u00bbyes\u00bb css=\u00bb.vc_custom_1579721305927{margin-top: 20px !important;}\u00bb tm_font_weight=\u00bb900&#8243;][\/vc_column][\/vc_row][vc_row full_width=\u00bbstretch_row_content_no_spaces\u00bb css=\u00bb.vc_custom_1579884555284{margin-top: 0px !important;margin-bottom: 0px !important;padding-top: 90px !important;padding-bottom: 0px !important;background-position: center !important;background-repeat: no-repeat !important;background-size: cover !important;}\u00bb][vc_column offset=\u00bbvc_col-lg-12 vc_col-md-12&#8243; reveal=\u00bbscale down 20%\u00bb][vc_row_inner][vc_column_inner width=\u00bb1\/4&#8243;][vc_single_image image=\u00bb80335&#8243; img_size=\u00bbfull\u00bb][\/vc_column_inner][vc_column_inner width=\u00bb3\/4&#8243; css=\u00bb.vc_custom_1579884737491{padding-right: 30px !important;padding-left: 30px !important;}\u00bb][vc_custom_heading text=\u00bbCURSO DE IMPORTACI\u00d3N\u00bb font_container=\u00bbtag:h2|text_align:left|color:%23006699&#8243; use_theme_fonts=\u00bbyes\u00bb][vc_column_text css=\u00bb.vc_custom_1719275330833{margin-top: 20px !important;}\u00bb]<\/p>\n<h5 style=\"text-align: justify;\">Hola mi nombre es Giselle Bonet soy directora de Pinchili en mis 14 a\u00f1os de experiencia he trabajado con miles de personas y empresas en 15 Paises de Hispanoam\u00e9rica, con el \u00e9xito que he tenido apoyando las importaciones de todos ellos decid\u00ed ense\u00f1ar paso a paso y de una manera sencilla que cualquier persona pueda entender a c\u00f3mo hacer importaciones desde China, c\u00f3mo crear tu proyecto de negocio, como elegir un producto, c\u00f3mo hacer cada paso de la compra hasta el env\u00edo hasta que tengas tus productos en tus manos. Adem\u00e1s como mi estudiante tienes el beneficio de tener un a\u00f1o de asesor\u00eda personalizada para que en ese tiempo te llevemos de la mano y te protejamos en tu primera importaci\u00f3n.<\/h5>\n<p>&nbsp;<\/p>\n<h5 style=\"text-align: justify;\">El curso adem\u00e1s incluye una lista de proveedores de la feria de cant\u00f3n que actualizare todos los a\u00f1os y estar\u00e1 disponibles para ti.<\/h5>\n<p>&nbsp;<\/p>\n<h5 style=\"text-align: justify;\">Si quieres saber m\u00e1s de los beneficios y promociones que tenemos escribe al <a href=\"https:\/\/api.whatsapp.com\/send?phone=8613600008314&amp;text=Buen%20d%C3%ADa.%20Quiero%20saber%20sobre%20sus%20servicios.\">Whstapp +8613600008314<\/a><\/h5>\n<p>[\/vc_column_text][vc_btn title=\u00bbM\u00e1s Informaci\u00f3n\u00bb i_icon_fontawesome=\u00bbfa fa-whatsapp\u00bb add_icon=\u00bbtrue\u00bb link=\u00bburl:https%3A%2F%2Fapi.whatsapp.com%2Fsend%3Fphone%3D8613600008314%26text%3DBuen%2520d%25C3%25ADa.%2520Quiero%2520informacion%2520sobre%2520el%2520curso%2520de%2520importacion||target:%20_blank|\u00bb][vc_column_text css=\u00bb.vc_custom_1586807662579{margin-top: 20px !important;}\u00bb]<\/p>\n<h5 style=\"text-align: justify;\">Recuerda:<\/h5>\n<p>&nbsp;<\/p>\n<h4 style=\"text-align: justify;\">El conocimiento es poder. Aprender es tu s\u00faper poder<\/h4>\n<p>&nbsp;<\/p>\n<h5 style=\"text-align: justify;\">Giselle Bonet<\/h5>\n<p>[\/vc_column_text][vc_empty_space][\/vc_column_inner][\/vc_row_inner][\/vc_column][\/vc_row]<\/p>\n<\/div>","protected":false},"excerpt":{"rendered":"<p>[vc_row full_width=\u00bbstretch_row\u00bb css=\u00bb.vc_custom_1478090550289{margin-top: 0px !important;margin-bottom: 0px !important;padding-top: 200px !important;padding-bottom: 190px !important;background-image: url(http:\/\/www.pinchili.com\/web\/wp-content\/uploads\/2015\/09\/NOSOTROS.png?id=76290) !important;background-position: center !important;background-repeat: no-repeat !important;background-size: cover !important;}\u00bb][vc_column][vc_column_text el_class=\u00bbsection-title\u00bb] \u00c1REA ACAD\u00c9MICA [\/vc_column_text][vc_custom_heading text=\u00bbPinchili, una empresa que se desempe\u00f1a exitosamente y acumula a\u00f1os de experiencia en la Importaci\u00f3n desde China hacia el mundo; desarroll\u00f3 una alianza junto a la academia online especializada en la formaci\u00f3n [&hellip;]<\/p>\n","protected":false},"author":1,"featured_media":0,"parent":0,"menu_order":0,"comment_status":"closed","ping_status":"closed","template":"","meta":{"_monsterinsights_skip_tracking":false,"_monsterinsights_sitenote_active":false,"_monsterinsights_sitenote_note":"","_monsterinsights_sitenote_category":0,"_joinchat":[],"footnotes":""},"class_list":["post-77876","page","type-page","status-publish","hentry"],"yoast_head":"<!-- This site is optimized with the Yoast SEO plugin v27.5 - https:\/\/yoast.com\/product\/yoast-seo-wordpress\/ -->\n<title>\u00c1rea Acad\u00e9mica - Pinchili<\/title>\n<meta name=\"robots\" content=\"index, follow, max-snippet:-1, max-image-preview:large, max-video-preview:-1\" \/>\n<link rel=\"canonical\" href=\"https:\/\/www.pinchili.com\/web\/es\/academico\/\" \/>\n<meta property=\"og:locale\" content=\"es_ES\" \/>\n<meta property=\"og:type\" content=\"article\" \/>\n<meta property=\"og:title\" content=\"\u00c1rea Acad\u00e9mica - Pinchili\" \/>\n<meta property=\"og:description\" content=\"[vc_row full_width=\u00bbstretch_row\u00bb css=\u00bb.vc_custom_1478090550289{margin-top: 0px !important;margin-bottom: 0px !important;padding-top: 200px !important;padding-bottom: 190px !important;background-image: url(http:\/\/www.pinchili.com\/web\/wp-content\/uploads\/2015\/09\/NOSOTROS.png?id=76290) !important;background-position: center !important;background-repeat: no-repeat !important;background-size: cover !important;}\u00bb][vc_column][vc_column_text el_class=\u00bbsection-title\u00bb] \u00c1REA ACAD\u00c9MICA [\/vc_column_text][vc_custom_heading text=\u00bbPinchili, una empresa que se desempe\u00f1a exitosamente y acumula a\u00f1os de experiencia en la Importaci\u00f3n desde China hacia el mundo; desarroll\u00f3 una alianza junto a la academia online especializada en la formaci\u00f3n [&hellip;]\" \/>\n<meta property=\"og:url\" content=\"https:\/\/www.pinchili.com\/web\/es\/academico\/\" \/>\n<meta property=\"og:site_name\" content=\"Pinchili\" \/>\n<meta property=\"article:publisher\" content=\"https:\/\/www.facebook.com\/pinchilichina\" \/>\n<meta property=\"article:modified_time\" content=\"2024-06-25T00:28:53+00:00\" \/>\n<meta property=\"og:image\" content=\"https:\/\/www.pinchili.com\/web\/wp-content\/uploads\/2021\/12\/avatar3.png\" \/>\n\t<meta property=\"og:image:width\" content=\"500\" \/>\n\t<meta property=\"og:image:height\" content=\"500\" \/>\n\t<meta property=\"og:image:type\" content=\"image\/png\" \/>\n<meta name=\"twitter:card\" content=\"summary_large_image\" \/>\n<meta name=\"twitter:site\" content=\"@pinchili_china\" \/>\n<meta name=\"twitter:label1\" content=\"Tiempo de lectura\" \/>\n\t<meta name=\"twitter:data1\" content=\"2 minutos\" \/>\n<script type=\"application\/ld+json\" class=\"yoast-schema-graph\">{\"@context\":\"https:\\\/\\\/schema.org\",\"@graph\":[{\"@type\":\"WebPage\",\"@id\":\"https:\\\/\\\/www.pinchili.com\\\/web\\\/es\\\/academico\\\/\",\"url\":\"https:\\\/\\\/www.pinchili.com\\\/web\\\/es\\\/academico\\\/\",\"name\":\"\u00c1rea Acad\u00e9mica - Pinchili\",\"isPartOf\":{\"@id\":\"https:\\\/\\\/www.pinchili.com\\\/web\\\/#website\"},\"datePublished\":\"2020-01-22T18:31:56+00:00\",\"dateModified\":\"2024-06-25T00:28:53+00:00\",\"breadcrumb\":{\"@id\":\"https:\\\/\\\/www.pinchili.com\\\/web\\\/es\\\/academico\\\/#breadcrumb\"},\"inLanguage\":\"es\",\"potentialAction\":[{\"@type\":\"ReadAction\",\"target\":[\"https:\\\/\\\/www.pinchili.com\\\/web\\\/es\\\/academico\\\/\"]}]},{\"@type\":\"BreadcrumbList\",\"@id\":\"https:\\\/\\\/www.pinchili.com\\\/web\\\/es\\\/academico\\\/#breadcrumb\",\"itemListElement\":[{\"@type\":\"ListItem\",\"position\":1,\"name\":\"Portada\",\"item\":\"https:\\\/\\\/www.pinchili.com\\\/web\\\/es\\\/pinchili-2\\\/\"},{\"@type\":\"ListItem\",\"position\":2,\"name\":\"\u00c1rea Acad\u00e9mica\"}]},{\"@type\":\"WebSite\",\"@id\":\"https:\\\/\\\/www.pinchili.com\\\/web\\\/#website\",\"url\":\"https:\\\/\\\/www.pinchili.com\\\/web\\\/\",\"name\":\"Pinchili\",\"description\":\"Inspecciones de Calidad en China\",\"publisher\":{\"@id\":\"https:\\\/\\\/www.pinchili.com\\\/web\\\/#organization\"},\"potentialAction\":[{\"@type\":\"SearchAction\",\"target\":{\"@type\":\"EntryPoint\",\"urlTemplate\":\"https:\\\/\\\/www.pinchili.com\\\/web\\\/?s={search_term_string}\"},\"query-input\":{\"@type\":\"PropertyValueSpecification\",\"valueRequired\":true,\"valueName\":\"search_term_string\"}}],\"inLanguage\":\"es\"},{\"@type\":\"Organization\",\"@id\":\"https:\\\/\\\/www.pinchili.com\\\/web\\\/#organization\",\"name\":\"Pinchili\",\"url\":\"https:\\\/\\\/www.pinchili.com\\\/web\\\/\",\"logo\":{\"@type\":\"ImageObject\",\"inLanguage\":\"es\",\"@id\":\"https:\\\/\\\/www.pinchili.com\\\/web\\\/#\\\/schema\\\/logo\\\/image\\\/\",\"url\":\"https:\\\/\\\/www.pinchili.com\\\/web\\\/wp-content\\\/uploads\\\/2015\\\/10\\\/nosotros.jpg\",\"contentUrl\":\"https:\\\/\\\/www.pinchili.com\\\/web\\\/wp-content\\\/uploads\\\/2015\\\/10\\\/nosotros.jpg\",\"width\":504,\"height\":442,\"caption\":\"Pinchili\"},\"image\":{\"@id\":\"https:\\\/\\\/www.pinchili.com\\\/web\\\/#\\\/schema\\\/logo\\\/image\\\/\"},\"sameAs\":[\"https:\\\/\\\/www.facebook.com\\\/pinchilichina\",\"https:\\\/\\\/x.com\\\/pinchili_china\",\"http:\\\/\\\/instagram.com\\\/pinchilichina\",\"https:\\\/\\\/www.youtube.com\\\/channel\\\/UCLfdc6OgDQLsphKhbESBmAg\"]}]}<\/script>\n<!-- \/ Yoast SEO plugin. -->","yoast_head_json":{"title":"\u00c1rea Acad\u00e9mica - Pinchili","robots":{"index":"index","follow":"follow","max-snippet":"max-snippet:-1","max-image-preview":"max-image-preview:large","max-video-preview":"max-video-preview:-1"},"canonical":"https:\/\/www.pinchili.com\/web\/es\/academico\/","og_locale":"es_ES","og_type":"article","og_title":"\u00c1rea Acad\u00e9mica - Pinchili","og_description":"[vc_row full_width=\u00bbstretch_row\u00bb css=\u00bb.vc_custom_1478090550289{margin-top: 0px !important;margin-bottom: 0px !important;padding-top: 200px !important;padding-bottom: 190px !important;background-image: url(http:\/\/www.pinchili.com\/web\/wp-content\/uploads\/2015\/09\/NOSOTROS.png?id=76290) !important;background-position: center !important;background-repeat: no-repeat !important;background-size: cover !important;}\u00bb][vc_column][vc_column_text el_class=\u00bbsection-title\u00bb] \u00c1REA ACAD\u00c9MICA [\/vc_column_text][vc_custom_heading text=\u00bbPinchili, una empresa que se desempe\u00f1a exitosamente y acumula a\u00f1os de experiencia en la Importaci\u00f3n desde China hacia el mundo; desarroll\u00f3 una alianza junto a la academia online especializada en la formaci\u00f3n [&hellip;]","og_url":"https:\/\/www.pinchili.com\/web\/es\/academico\/","og_site_name":"Pinchili","article_publisher":"https:\/\/www.facebook.com\/pinchilichina","article_modified_time":"2024-06-25T00:28:53+00:00","og_image":[{"width":500,"height":500,"url":"https:\/\/www.pinchili.com\/web\/wp-content\/uploads\/2021\/12\/avatar3.png","type":"image\/png"}],"twitter_card":"summary_large_image","twitter_site":"@pinchili_china","twitter_misc":{"Tiempo de lectura":"2 minutos"},"schema":{"@context":"https:\/\/schema.org","@graph":[{"@type":"WebPage","@id":"https:\/\/www.pinchili.com\/web\/es\/academico\/","url":"https:\/\/www.pinchili.com\/web\/es\/academico\/","name":"\u00c1rea Acad\u00e9mica - Pinchili","isPartOf":{"@id":"https:\/\/www.pinchili.com\/web\/#website"},"datePublished":"2020-01-22T18:31:56+00:00","dateModified":"2024-06-25T00:28:53+00:00","breadcrumb":{"@id":"https:\/\/www.pinchili.com\/web\/es\/academico\/#breadcrumb"},"inLanguage":"es","potentialAction":[{"@type":"ReadAction","target":["https:\/\/www.pinchili.com\/web\/es\/academico\/"]}]},{"@type":"BreadcrumbList","@id":"https:\/\/www.pinchili.com\/web\/es\/academico\/#breadcrumb","itemListElement":[{"@type":"ListItem","position":1,"name":"Portada","item":"https:\/\/www.pinchili.com\/web\/es\/pinchili-2\/"},{"@type":"ListItem","position":2,"name":"\u00c1rea Acad\u00e9mica"}]},{"@type":"WebSite","@id":"https:\/\/www.pinchili.com\/web\/#website","url":"https:\/\/www.pinchili.com\/web\/","name":"Pinchili","description":"Inspecciones de Calidad en China","publisher":{"@id":"https:\/\/www.pinchili.com\/web\/#organization"},"potentialAction":[{"@type":"SearchAction","target":{"@type":"EntryPoint","urlTemplate":"https:\/\/www.pinchili.com\/web\/?s={search_term_string}"},"query-input":{"@type":"PropertyValueSpecification","valueRequired":true,"valueName":"search_term_string"}}],"inLanguage":"es"},{"@type":"Organization","@id":"https:\/\/www.pinchili.com\/web\/#organization","name":"Pinchili","url":"https:\/\/www.pinchili.com\/web\/","logo":{"@type":"ImageObject","inLanguage":"es","@id":"https:\/\/www.pinchili.com\/web\/#\/schema\/logo\/image\/","url":"https:\/\/www.pinchili.com\/web\/wp-content\/uploads\/2015\/10\/nosotros.jpg","contentUrl":"https:\/\/www.pinchili.com\/web\/wp-content\/uploads\/2015\/10\/nosotros.jpg","width":504,"height":442,"caption":"Pinchili"},"image":{"@id":"https:\/\/www.pinchili.com\/web\/#\/schema\/logo\/image\/"},"sameAs":["https:\/\/www.facebook.com\/pinchilichina","https:\/\/x.com\/pinchili_china","http:\/\/instagram.com\/pinchilichina","https:\/\/www.youtube.com\/channel\/UCLfdc6OgDQLsphKhbESBmAg"]}]}},"_links":{"self":[{"href":"https:\/\/www.pinchili.com\/web\/wp-json\/wp\/v2\/pages\/77876","targetHints":{"allow":["GET"]}}],"collection":[{"href":"https:\/\/www.pinchili.com\/web\/wp-json\/wp\/v2\/pages"}],"about":[{"href":"https:\/\/www.pinchili.com\/web\/wp-json\/wp\/v2\/types\/page"}],"author":[{"embeddable":true,"href":"https:\/\/www.pinchili.com\/web\/wp-json\/wp\/v2\/users\/1"}],"replies":[{"embeddable":true,"href":"https:\/\/www.pinchili.com\/web\/wp-json\/wp\/v2\/comments?post=77876"}],"version-history":[{"count":0,"href":"https:\/\/www.pinchili.com\/web\/wp-json\/wp\/v2\/pages\/77876\/revisions"}],"wp:attachment":[{"href":"https:\/\/www.pinchili.com\/web\/wp-json\/wp\/v2\/media?parent=77876"}],"curies":[{"name":"wp","href":"https:\/\/api.w.org\/{rel}","templated":true}]}}