{"id":76013,"date":"2016-10-31T12:13:52","date_gmt":"2016-10-31T16:43:52","guid":{"rendered":"http:\/\/www.pinchili.com\/web\/?page_id=76013"},"modified":"2020-03-11T17:24:17","modified_gmt":"2020-03-11T21:24:17","slug":"control-de-calidad","status":"publish","type":"page","link":"https:\/\/www.pinchili.com\/web\/es\/control-de-calidad\/","title":{"rendered":"Control de Calidad"},"content":{"rendered":"<div class=\"wpb-content-wrapper\"><p>[vc_row full_width=\u00bbstretch_row\u00bb css=\u00bb.vc_custom_1477946060093{margin-top: 0px !important;margin-bottom: 0px !important;padding-top: 200px !important;padding-bottom: 200px !important;background: #000000 url(http:\/\/www.pinchili.com\/web\/wp-content\/uploads\/2016\/10\/servicios_controlcalidad.png?id=76087) !important;background-position: center !important;background-repeat: no-repeat !important;background-size: cover !important;}\u00bb][vc_column][vc_column_text el_class=\u00bbsection-title\u00bb css=\u00bb.vc_custom_1496110746527{margin-top: -25px !important;margin-bottom: 0px !important;}\u00bb]<\/p>\n<h3><span style=\"color: #ffffff;\">El secreto de una buena venta es&#8230;<\/span><\/h3>\n<p>[\/vc_column_text][vc_column_text el_class=\u00bbsection-title\u00bb css=\u00bb.vc_custom_1496111931344{margin-bottom: 0px !important;}\u00bb]<\/p>\n<h1><span style=\"color: #ffffff;\">Una Buena Compra.<\/span><\/h1>\n<p>[\/vc_column_text][\/vc_column][\/vc_row][vc_row][vc_column][vc_empty_space height=\u00bb50px\u00bb][vc_custom_heading text=\u00bbControl de Calidad\u00bb font_container=\u00bbtag:h1|text_align:center|color:%23006699&#8243; use_theme_fonts=\u00bbyes\u00bb tm_text_transform=\u00bbuppercase\u00bb el_class=\u00bbsection-title\u00bb][\/vc_column][\/vc_row][vc_row css=\u00bb.vc_custom_1477940056813{margin-bottom: 0px !important;padding-top: 20px !important;padding-bottom: 20px !important;}\u00bb][vc_column width=\u00bb1\/2&#8243; css=\u00bb.vc_custom_1443866684894{padding-right: 50px !important;}\u00bb][vc_custom_heading text=\u00bbCon este servicio usted filtrar\u00e1 posibles errores de producci\u00f3n o piezas faltantes antes del env\u00edo, garantice recibir lo esperado.<\/p>\n<p>Obtenga un inspector profesional titulado en normas de calidad ISO y CE que acudir\u00e1 a visitar su f\u00e1brica en menos de 48 horas y evaluar\u00e1 de forma independiente la condici\u00f3n de sus productos seg\u00fan su factura de compra, verificamos que la cantidad exacta sea enviada y si hay piezas en mal estado, rotas o que no cumplan las condiciones se le exigir\u00e1 al fabricante reemplazarlas de inmediato o descontarlas de su factura.\u00bb font_container=\u00bbtag:h5|text_align:justify\u00bb use_theme_fonts=\u00bbyes\u00bb css=\u00bb.vc_custom_1581989785848{margin-bottom: 0px !important;padding-right: 15px !important;padding-left: 15px !important;}\u00bb tm_letter_spacing=\u00bb0.1em\u00bb][\/vc_column][vc_column width=\u00bb1\/2&#8243;][vc_custom_heading text=\u00bbSe le enviar\u00e1 un informe detallado de la visita con auditor\u00eda de la compra, fotos y v\u00eddeos.<\/p>\n<p>Ind\u00edquenos que es lo m\u00e1s importante para usted verificar y lo incluiremos en la inspecci\u00f3n.<\/p>\n<p>El costo de este servicio deber\u00e1 ser cotizado seg\u00fan la ciudad de ubicaci\u00f3n del fabricante y cantidad de productos de la misma.\u00bb font_container=\u00bbtag:h5|text_align:justify\u00bb use_theme_fonts=\u00bbyes\u00bb css=\u00bb.vc_custom_1581989889631{margin-bottom: 0px !important;padding-right: 15px !important;padding-left: 15px !important;}\u00bb][\/vc_column][\/vc_row][vc_row full_width=\u00bbstretch_row\u00bb css=\u00bb.vc_custom_1477941783954{margin-top: 40px !important;padding-top: 70px !important;padding-bottom: 100px !important;background-image: url(http:\/\/www.pinchili.com\/web\/wp-content\/uploads\/2016\/10\/contactanos_servicios-2.png?id=76070) !important;}\u00bb][vc_column reveal=\u00bbscale down 20%\u00bb el_class=\u00bbcenter\u00bb][vc_custom_heading text=\u00bbNuestra empresa se rige por la norma ISO reconocida internacionalmente por los Sistemas de Gesti\u00f3n de Calidad.\u00bb font_container=\u00bbtag:h3|text_align:center|color:%23ffffff\u00bb use_theme_fonts=\u00bbyes\u00bb tm_letter_spacing=\u00bb0.15em\u00bb css=\u00bb.vc_custom_1583961855323{margin-bottom: 25px !important;padding-top: 5px !important;}\u00bb el_class=\u00bbalign-center-md align-right-lg\u00bb][thememove_button text=\u00bbCONT\u00c1CTANOS\u00bb el_class=\u00bbskin-fill-white\u00bb url=\u00bbhttp:\/\/www.pinchili.com\/web\/es\/contact-us-1\/\u00bb][\/vc_column][\/vc_row]<\/p>\n<\/div>","protected":false},"excerpt":{"rendered":"<p>[vc_row full_width=\u00bbstretch_row\u00bb css=\u00bb.vc_custom_1477946060093{margin-top: 0px !important;margin-bottom: 0px !important;padding-top: 200px !important;padding-bottom: 200px !important;background: #000000 url(http:\/\/www.pinchili.com\/web\/wp-content\/uploads\/2016\/10\/servicios_controlcalidad.png?id=76087) !important;background-position: center !important;background-repeat: no-repeat !important;background-size: cover !important;}\u00bb][vc_column][vc_column_text el_class=\u00bbsection-title\u00bb css=\u00bb.vc_custom_1496110746527{margin-top: -25px !important;margin-bottom: 0px !important;}\u00bb] El secreto de una buena venta es&#8230; [\/vc_column_text][vc_column_text el_class=\u00bbsection-title\u00bb css=\u00bb.vc_custom_1496111931344{margin-bottom: 0px !important;}\u00bb] Una Buena Compra. [\/vc_column_text][\/vc_column][\/vc_row][vc_row][vc_column][vc_empty_space height=\u00bb50px\u00bb][vc_custom_heading text=\u00bbControl de Calidad\u00bb font_container=\u00bbtag:h1|text_align:center|color:%23006699&#8243; use_theme_fonts=\u00bbyes\u00bb tm_text_transform=\u00bbuppercase\u00bb el_class=\u00bbsection-title\u00bb][\/vc_column][\/vc_row][vc_row css=\u00bb.vc_custom_1477940056813{margin-bottom: 0px !important;padding-top: 20px !important;padding-bottom: [&hellip;]<\/p>\n","protected":false},"author":1,"featured_media":0,"parent":0,"menu_order":0,"comment_status":"closed","ping_status":"closed","template":"","meta":{"_monsterinsights_skip_tracking":false,"_monsterinsights_sitenote_active":false,"_monsterinsights_sitenote_note":"","_monsterinsights_sitenote_category":0,"_joinchat":[],"footnotes":""},"class_list":["post-76013","page","type-page","status-publish","hentry"],"yoast_head":"<!-- This site is optimized with the Yoast SEO plugin v27.5 - https:\/\/yoast.com\/product\/yoast-seo-wordpress\/ -->\n<title>Control de Calidad - Pinchili<\/title>\n<meta name=\"robots\" content=\"index, follow, max-snippet:-1, max-image-preview:large, max-video-preview:-1\" \/>\n<link rel=\"canonical\" href=\"https:\/\/www.pinchili.com\/web\/es\/control-de-calidad\/\" \/>\n<meta property=\"og:locale\" content=\"es_ES\" \/>\n<meta property=\"og:type\" content=\"article\" \/>\n<meta property=\"og:title\" content=\"Control de Calidad - Pinchili\" \/>\n<meta property=\"og:description\" content=\"[vc_row full_width=\u00bbstretch_row\u00bb css=\u00bb.vc_custom_1477946060093{margin-top: 0px !important;margin-bottom: 0px !important;padding-top: 200px !important;padding-bottom: 200px !important;background: #000000 url(http:\/\/www.pinchili.com\/web\/wp-content\/uploads\/2016\/10\/servicios_controlcalidad.png?id=76087) !important;background-position: center !important;background-repeat: no-repeat !important;background-size: cover !important;}\u00bb][vc_column][vc_column_text el_class=\u00bbsection-title\u00bb css=\u00bb.vc_custom_1496110746527{margin-top: -25px !important;margin-bottom: 0px !important;}\u00bb] El secreto de una buena venta es&#8230; [\/vc_column_text][vc_column_text el_class=\u00bbsection-title\u00bb css=\u00bb.vc_custom_1496111931344{margin-bottom: 0px !important;}\u00bb] Una Buena Compra. [\/vc_column_text][\/vc_column][\/vc_row][vc_row][vc_column][vc_empty_space height=\u00bb50px\u00bb][vc_custom_heading text=\u00bbControl de Calidad\u00bb font_container=\u00bbtag:h1|text_align:center|color:%23006699&#8243; use_theme_fonts=\u00bbyes\u00bb tm_text_transform=\u00bbuppercase\u00bb el_class=\u00bbsection-title\u00bb][\/vc_column][\/vc_row][vc_row css=\u00bb.vc_custom_1477940056813{margin-bottom: 0px !important;padding-top: 20px !important;padding-bottom: [&hellip;]\" \/>\n<meta property=\"og:url\" content=\"https:\/\/www.pinchili.com\/web\/es\/control-de-calidad\/\" \/>\n<meta property=\"og:site_name\" content=\"Pinchili\" \/>\n<meta property=\"article:publisher\" content=\"https:\/\/www.facebook.com\/pinchilichina\" \/>\n<meta property=\"article:modified_time\" content=\"2020-03-11T21:24:17+00:00\" \/>\n<meta property=\"og:image\" content=\"https:\/\/www.pinchili.com\/web\/wp-content\/uploads\/2021\/12\/avatar3.png\" \/>\n\t<meta property=\"og:image:width\" content=\"500\" \/>\n\t<meta property=\"og:image:height\" content=\"500\" \/>\n\t<meta property=\"og:image:type\" content=\"image\/png\" \/>\n<meta name=\"twitter:card\" content=\"summary_large_image\" \/>\n<meta name=\"twitter:site\" content=\"@pinchili_china\" \/>\n<meta name=\"twitter:label1\" content=\"Tiempo de lectura\" \/>\n\t<meta name=\"twitter:data1\" content=\"2 minutos\" \/>\n<script type=\"application\/ld+json\" class=\"yoast-schema-graph\">{\"@context\":\"https:\\\/\\\/schema.org\",\"@graph\":[{\"@type\":\"WebPage\",\"@id\":\"https:\\\/\\\/www.pinchili.com\\\/web\\\/es\\\/control-de-calidad\\\/\",\"url\":\"https:\\\/\\\/www.pinchili.com\\\/web\\\/es\\\/control-de-calidad\\\/\",\"name\":\"Control de Calidad - Pinchili\",\"isPartOf\":{\"@id\":\"https:\\\/\\\/www.pinchili.com\\\/web\\\/#website\"},\"datePublished\":\"2016-10-31T16:43:52+00:00\",\"dateModified\":\"2020-03-11T21:24:17+00:00\",\"breadcrumb\":{\"@id\":\"https:\\\/\\\/www.pinchili.com\\\/web\\\/es\\\/control-de-calidad\\\/#breadcrumb\"},\"inLanguage\":\"es\",\"potentialAction\":[{\"@type\":\"ReadAction\",\"target\":[\"https:\\\/\\\/www.pinchili.com\\\/web\\\/es\\\/control-de-calidad\\\/\"]}]},{\"@type\":\"BreadcrumbList\",\"@id\":\"https:\\\/\\\/www.pinchili.com\\\/web\\\/es\\\/control-de-calidad\\\/#breadcrumb\",\"itemListElement\":[{\"@type\":\"ListItem\",\"position\":1,\"name\":\"Portada\",\"item\":\"https:\\\/\\\/www.pinchili.com\\\/web\\\/es\\\/pinchili-2\\\/\"},{\"@type\":\"ListItem\",\"position\":2,\"name\":\"Control de Calidad\"}]},{\"@type\":\"WebSite\",\"@id\":\"https:\\\/\\\/www.pinchili.com\\\/web\\\/#website\",\"url\":\"https:\\\/\\\/www.pinchili.com\\\/web\\\/\",\"name\":\"Pinchili\",\"description\":\"Inspecciones de Calidad en China\",\"publisher\":{\"@id\":\"https:\\\/\\\/www.pinchili.com\\\/web\\\/#organization\"},\"potentialAction\":[{\"@type\":\"SearchAction\",\"target\":{\"@type\":\"EntryPoint\",\"urlTemplate\":\"https:\\\/\\\/www.pinchili.com\\\/web\\\/?s={search_term_string}\"},\"query-input\":{\"@type\":\"PropertyValueSpecification\",\"valueRequired\":true,\"valueName\":\"search_term_string\"}}],\"inLanguage\":\"es\"},{\"@type\":\"Organization\",\"@id\":\"https:\\\/\\\/www.pinchili.com\\\/web\\\/#organization\",\"name\":\"Pinchili\",\"url\":\"https:\\\/\\\/www.pinchili.com\\\/web\\\/\",\"logo\":{\"@type\":\"ImageObject\",\"inLanguage\":\"es\",\"@id\":\"https:\\\/\\\/www.pinchili.com\\\/web\\\/#\\\/schema\\\/logo\\\/image\\\/\",\"url\":\"https:\\\/\\\/www.pinchili.com\\\/web\\\/wp-content\\\/uploads\\\/2015\\\/10\\\/nosotros.jpg\",\"contentUrl\":\"https:\\\/\\\/www.pinchili.com\\\/web\\\/wp-content\\\/uploads\\\/2015\\\/10\\\/nosotros.jpg\",\"width\":504,\"height\":442,\"caption\":\"Pinchili\"},\"image\":{\"@id\":\"https:\\\/\\\/www.pinchili.com\\\/web\\\/#\\\/schema\\\/logo\\\/image\\\/\"},\"sameAs\":[\"https:\\\/\\\/www.facebook.com\\\/pinchilichina\",\"https:\\\/\\\/x.com\\\/pinchili_china\",\"http:\\\/\\\/instagram.com\\\/pinchilichina\",\"https:\\\/\\\/www.youtube.com\\\/channel\\\/UCLfdc6OgDQLsphKhbESBmAg\"]}]}<\/script>\n<!-- \/ Yoast SEO plugin. -->","yoast_head_json":{"title":"Control de Calidad - Pinchili","robots":{"index":"index","follow":"follow","max-snippet":"max-snippet:-1","max-image-preview":"max-image-preview:large","max-video-preview":"max-video-preview:-1"},"canonical":"https:\/\/www.pinchili.com\/web\/es\/control-de-calidad\/","og_locale":"es_ES","og_type":"article","og_title":"Control de Calidad - Pinchili","og_description":"[vc_row full_width=\u00bbstretch_row\u00bb css=\u00bb.vc_custom_1477946060093{margin-top: 0px !important;margin-bottom: 0px !important;padding-top: 200px !important;padding-bottom: 200px !important;background: #000000 url(http:\/\/www.pinchili.com\/web\/wp-content\/uploads\/2016\/10\/servicios_controlcalidad.png?id=76087) !important;background-position: center !important;background-repeat: no-repeat !important;background-size: cover !important;}\u00bb][vc_column][vc_column_text el_class=\u00bbsection-title\u00bb css=\u00bb.vc_custom_1496110746527{margin-top: -25px !important;margin-bottom: 0px !important;}\u00bb] El secreto de una buena venta es&#8230; [\/vc_column_text][vc_column_text el_class=\u00bbsection-title\u00bb css=\u00bb.vc_custom_1496111931344{margin-bottom: 0px !important;}\u00bb] Una Buena Compra. [\/vc_column_text][\/vc_column][\/vc_row][vc_row][vc_column][vc_empty_space height=\u00bb50px\u00bb][vc_custom_heading text=\u00bbControl de Calidad\u00bb font_container=\u00bbtag:h1|text_align:center|color:%23006699&#8243; use_theme_fonts=\u00bbyes\u00bb tm_text_transform=\u00bbuppercase\u00bb el_class=\u00bbsection-title\u00bb][\/vc_column][\/vc_row][vc_row css=\u00bb.vc_custom_1477940056813{margin-bottom: 0px !important;padding-top: 20px !important;padding-bottom: [&hellip;]","og_url":"https:\/\/www.pinchili.com\/web\/es\/control-de-calidad\/","og_site_name":"Pinchili","article_publisher":"https:\/\/www.facebook.com\/pinchilichina","article_modified_time":"2020-03-11T21:24:17+00:00","og_image":[{"width":500,"height":500,"url":"https:\/\/www.pinchili.com\/web\/wp-content\/uploads\/2021\/12\/avatar3.png","type":"image\/png"}],"twitter_card":"summary_large_image","twitter_site":"@pinchili_china","twitter_misc":{"Tiempo de lectura":"2 minutos"},"schema":{"@context":"https:\/\/schema.org","@graph":[{"@type":"WebPage","@id":"https:\/\/www.pinchili.com\/web\/es\/control-de-calidad\/","url":"https:\/\/www.pinchili.com\/web\/es\/control-de-calidad\/","name":"Control de Calidad - Pinchili","isPartOf":{"@id":"https:\/\/www.pinchili.com\/web\/#website"},"datePublished":"2016-10-31T16:43:52+00:00","dateModified":"2020-03-11T21:24:17+00:00","breadcrumb":{"@id":"https:\/\/www.pinchili.com\/web\/es\/control-de-calidad\/#breadcrumb"},"inLanguage":"es","potentialAction":[{"@type":"ReadAction","target":["https:\/\/www.pinchili.com\/web\/es\/control-de-calidad\/"]}]},{"@type":"BreadcrumbList","@id":"https:\/\/www.pinchili.com\/web\/es\/control-de-calidad\/#breadcrumb","itemListElement":[{"@type":"ListItem","position":1,"name":"Portada","item":"https:\/\/www.pinchili.com\/web\/es\/pinchili-2\/"},{"@type":"ListItem","position":2,"name":"Control de Calidad"}]},{"@type":"WebSite","@id":"https:\/\/www.pinchili.com\/web\/#website","url":"https:\/\/www.pinchili.com\/web\/","name":"Pinchili","description":"Inspecciones de Calidad en China","publisher":{"@id":"https:\/\/www.pinchili.com\/web\/#organization"},"potentialAction":[{"@type":"SearchAction","target":{"@type":"EntryPoint","urlTemplate":"https:\/\/www.pinchili.com\/web\/?s={search_term_string}"},"query-input":{"@type":"PropertyValueSpecification","valueRequired":true,"valueName":"search_term_string"}}],"inLanguage":"es"},{"@type":"Organization","@id":"https:\/\/www.pinchili.com\/web\/#organization","name":"Pinchili","url":"https:\/\/www.pinchili.com\/web\/","logo":{"@type":"ImageObject","inLanguage":"es","@id":"https:\/\/www.pinchili.com\/web\/#\/schema\/logo\/image\/","url":"https:\/\/www.pinchili.com\/web\/wp-content\/uploads\/2015\/10\/nosotros.jpg","contentUrl":"https:\/\/www.pinchili.com\/web\/wp-content\/uploads\/2015\/10\/nosotros.jpg","width":504,"height":442,"caption":"Pinchili"},"image":{"@id":"https:\/\/www.pinchili.com\/web\/#\/schema\/logo\/image\/"},"sameAs":["https:\/\/www.facebook.com\/pinchilichina","https:\/\/x.com\/pinchili_china","http:\/\/instagram.com\/pinchilichina","https:\/\/www.youtube.com\/channel\/UCLfdc6OgDQLsphKhbESBmAg"]}]}},"_links":{"self":[{"href":"https:\/\/www.pinchili.com\/web\/wp-json\/wp\/v2\/pages\/76013","targetHints":{"allow":["GET"]}}],"collection":[{"href":"https:\/\/www.pinchili.com\/web\/wp-json\/wp\/v2\/pages"}],"about":[{"href":"https:\/\/www.pinchili.com\/web\/wp-json\/wp\/v2\/types\/page"}],"author":[{"embeddable":true,"href":"https:\/\/www.pinchili.com\/web\/wp-json\/wp\/v2\/users\/1"}],"replies":[{"embeddable":true,"href":"https:\/\/www.pinchili.com\/web\/wp-json\/wp\/v2\/comments?post=76013"}],"version-history":[{"count":0,"href":"https:\/\/www.pinchili.com\/web\/wp-json\/wp\/v2\/pages\/76013\/revisions"}],"wp:attachment":[{"href":"https:\/\/www.pinchili.com\/web\/wp-json\/wp\/v2\/media?parent=76013"}],"curies":[{"name":"wp","href":"https:\/\/api.w.org\/{rel}","templated":true}]}}