{"id":74052,"date":"2015-10-03T09:44:49","date_gmt":"2015-10-03T09:44:49","guid":{"rendered":"http:\/\/polygon.thememove.com\/?page_id=74052"},"modified":"2022-08-09T09:38:18","modified_gmt":"2022-08-09T13:38:18","slug":"servicios","status":"publish","type":"page","link":"https:\/\/www.pinchili.com\/web\/es\/servicios\/","title":{"rendered":"Servicios"},"content":{"rendered":"<div class=\"wpb-content-wrapper\"><p>[vc_row full_width=\u00bbstretch_row\u00bb css=\u00bb.vc_custom_1477996536732{margin-top: 0px !important;margin-bottom: 0px !important;padding-top: 170px !important;padding-bottom: 165px !important;background-image: url(http:\/\/www.pinchili.com\/web\/wp-content\/uploads\/2015\/10\/servicios_servicio-general.png?id=76129) !important;background-position: center !important;background-repeat: no-repeat !important;background-size: cover !important;}\u00bb][vc_column][vc_column_text el_class=\u00bbsection-title\u00bb css=\u00bb.vc_custom_1486750069229{margin-top: -25px !important;margin-bottom: 0px !important;}\u00bb]<\/p>\n<h1><span style=\"color: #ffffff;\">SOMOS EL ALIADO<br \/>\nCOMERCIAL Y LOG\u00cdSTICO<br \/>\n<\/span><\/h1>\n<p>[\/vc_column_text][vc_custom_heading text=\u00bbque cualquier emprendedor, empresa o industria grande, mediana o peque\u00f1a, necesita tener.\u00bb font_container=\u00bbtag:div|font_size:15px|text_align:left|color:%23ffffff\u00bb use_theme_fonts=\u00bbyes\u00bb css=\u00bb.vc_custom_1523115399904{margin-top: 20px !important;}\u00bb][\/vc_column][\/vc_row][vc_row el_class=\u00bbthememove-icon-box\u00bb css=\u00bb.vc_custom_1443429108890{margin-top: 80px !important;margin-bottom: 0px !important;}\u00bb reveal=\u00bbscale down 20%\u00bb][vc_column width=\u00bb1\/3&#8243; css=\u00bb.vc_custom_1477431804269{margin-bottom: 50px !important;padding-right: 15px !important;padding-left: 15px !important;}\u00bb][thememove_icon type=\u00bbpe7stroke\u00bb icon_pe7stroke=\u00bbpe-7s-users\u00bb custom_color=\u00bb#003259&#8243; size=\u00bb60px\u00bb][vc_custom_heading text=\u00bbAGENTES DE COMPRAS\u00bb font_container=\u00bbtag:h3|text_align:left|color:%23003259&#8243; use_theme_fonts=\u00bbyes\u00bb][vc_column_text]<span lang=\"ES-VE\">Estamos con usted desde el inicio hasta la entrega de su producto en sus manos, nuestra meta es que su compra este segura. Vamos de la mano con usted desde la b\u00fasqueda del proveedor pasando por los contratos de compras, monitoreos de producci\u00f3n, inspecciones de calidad y pre embarque, env\u00edos y almacenaje. Cuente con una mano aliada que ser\u00e1 sus ojos en China.<\/span>[\/vc_column_text][vc_btn title=\u00bbVer M\u00e1s\u00bb link=\u00bburl:http%3A%2F%2Fwww.pinchili.com%2Fweb%2Fes%2Fasesoria-y-logistica-de-compras%2F|||\u00bb][\/vc_column][vc_column width=\u00bb1\/3&#8243; css=\u00bb.vc_custom_1477431818687{margin-bottom: 50px !important;padding-right: 15px !important;padding-left: 15px !important;}\u00bb][thememove_icon type=\u00bbpe7stroke\u00bb icon_pe7stroke=\u00bbpe-7s-search\u00bb custom_color=\u00bb#003259&#8243; size=\u00bb60px\u00bb][vc_custom_heading text=\u00bbB\u00daSQUEDA DE PROVEEDORES\u00bb font_container=\u00bbtag:h3|text_align:left|color:%23003259&#8243; use_theme_fonts=\u00bbyes\u00bb][vc_column_text]Encontrar proveedores en China es muy f\u00e1cil. Encontrar proveedores que sean fabricantes directos y est\u00e9n calificados requiere una eficaz y bien estructurada estrategia de b\u00fasqueda que permitir\u00e1 ubicar para usted los mejores fabricantes disponibles en el gigante asi\u00e1tico.[\/vc_column_text][vc_btn title=\u00bbVer M\u00e1s\u00bb link=\u00bburl:http%3A%2F%2Fwww.pinchili.com%2Fweb%2Fes%2Fbusqueda-de-proveedores%2F|||\u00bb][\/vc_column][vc_column width=\u00bb1\/3&#8243; css=\u00bb.vc_custom_1477434114760{margin-bottom: 50px !important;padding-right: 15px !important;padding-left: 15px !important;}\u00bb][thememove_icon type=\u00bbpe7stroke\u00bb icon_pe7stroke=\u00bbpe-7s-look\u00bb custom_color=\u00bb#003259&#8243; size=\u00bb60px\u00bb][vc_custom_heading text=\u00bbCONTROLES DE CALIDAD\u00bb font_container=\u00bbtag:h3|text_align:left|color:%23003259&#8243; use_theme_fonts=\u00bbyes\u00bb][vc_column_text]Le ofrecemos inspecciones en fabrica realizadas por personal calificado, igualmente con este servicio usted podr\u00e1 podr\u00e1 entrar virtualmente a las f\u00e1bricas en China y ver sus oficinas, empleados, l\u00edneas de producci\u00f3n, dep\u00f3sitos , productos, empaques, Etc.[\/vc_column_text][vc_btn title=\u00bbVer M\u00e1s\u00bb link=\u00bburl:http%3A%2F%2Fwww.pinchili.com%2Fweb%2Fes%2Fcontrol-de-calidad%2F|||\u00bb][\/vc_column][\/vc_row][vc_row el_class=\u00bbthememove-icon-box\u00bb css=\u00bb.vc_custom_1443927185328{margin-bottom: 50px !important;}\u00bb reveal=\u00bbscale down 20%\u00bb][vc_column width=\u00bb1\/3&#8243; css=\u00bb.vc_custom_1477434233137{margin-bottom: 50px !important;padding-right: 15px !important;padding-left: 15px !important;}\u00bb][thememove_icon type=\u00bbpe7stroke\u00bb icon_pe7stroke=\u00bbpe-7s-id\u00bb custom_color=\u00bb#003259&#8243; size=\u00bb60px\u00bb][vc_custom_heading text=\u00bbVALIDACI\u00d3N DE FABRICANTES ONLINE\u00bb font_container=\u00bbtag:h3|text_align:left|color:%23003259&#8243; use_theme_fonts=\u00bbyes\u00bb][vc_column_text]Este servicio es ideal para los clientes que tienen nombres y direcciones por referencia o encontrados online de fabricantes en China, con nuestro Certificado de Validaci\u00f3n Pinchili usted podr\u00e1 tener la certeza que la empresa se encuentra legalmente establecida, minimizando fraudes y estafas.[\/vc_column_text][vc_btn title=\u00bbVer M\u00e1s\u00bb link=\u00bburl:http%3A%2F%2Fwww.pinchili.com%2Fweb%2Fes%2Fconvalidacion-de-fabricantes-online%2F|||\u00bb][\/vc_column][vc_column width=\u00bb1\/3&#8243; css=\u00bb.vc_custom_1477434251542{margin-bottom: 50px !important;padding-right: 15px !important;padding-left: 15px !important;}\u00bb][thememove_icon type=\u00bbpe7stroke\u00bb icon_pe7stroke=\u00bbpe-7s-light\u00bb custom_color=\u00bb#003259&#8243; size=\u00bb60px\u00bb][vc_custom_heading text=\u00bbMANEJO DE MUESTRAS\u00bb font_container=\u00bbtag:h3|text_align:left|color:%23003259&#8243; use_theme_fonts=\u00bbyes\u00bb][vc_column_text]<\/p>\n<p class=\"m_3928691872078463032gmail-MsoNormal\"><span lang=\"ES-VE\">Ahorre tiempo y dinero, realice un solo env\u00edo de muestras de varios proveedores. Ordenar muestras de diferentes proveedores y reunirlas para hacer un solo envi\u00f3 le ahorrar\u00e1 tiempo y dinero, env\u00edelas a nuestra oficina para identificarlas correctamente y le ofreceremos las mejores tarifas corporativas de DHL y Fedex del mercado.<\/span><\/p>\n<p>[\/vc_column_text][vc_btn title=\u00bbVer M\u00e1s\u00bb link=\u00bburl:https%3A%2F%2Fwww.pinchili.com%2Fweb%2Fes%2Fmanejo-de-muestras%2F|||\u00bb][\/vc_column][vc_column width=\u00bb1\/3&#8243; css=\u00bb.vc_custom_1477434333079{margin-bottom: 50px !important;padding-right: 15px !important;padding-left: 15px !important;}\u00bb][thememove_icon type=\u00bbpe7stroke\u00bb icon_pe7stroke=\u00bbpe-7s-pen\u00bb custom_color=\u00bb#003259&#8243; size=\u00bb60px\u00bb][vc_custom_heading text=\u00bbCREACI\u00d3N DE MARCAS PROPIAS\u00bb font_container=\u00bbtag:h3|text_align:left|color:%23003259&#8243; use_theme_fonts=\u00bbyes\u00bb][vc_column_text]<span lang=\"ES-VE\">Desarrollamos su propia marca en China. Tiene una idea de negocios con su propia marca? nuestro equipo lo apoyar\u00e1 durante todo el proceso de desarrollo ofreciendo los mejores consejos para que su marca brille y sobresalga en su mercado, adem\u00e1s cuidaremos que sus est\u00e1ndares est\u00e9n bien establecidos con los fabricantes Chinos. <\/span>[\/vc_column_text][vc_btn title=\u00bbVer M\u00e1s\u00bb link=\u00bburl:http%3A%2F%2Fwww.pinchili.com%2Fweb%2Fes%2Fservicios%2F|||\u00bb][\/vc_column][\/vc_row][vc_row full_width=\u00bbstretch_row_content_no_spaces\u00bb content_placement=\u00bbmiddle\u00bb columns_same_height=\u00bbtrue\u00bb css=\u00bb.vc_custom_1469789232478{margin-bottom: 0px !important;background-color: #111111 !important;}\u00bb][vc_column width=\u00bb1\/2&#8243; css=\u00bb.vc_custom_1469789136370{background-position: center !important;background-repeat: no-repeat !important;background-size: cover !important;}\u00bb][vc_single_image image=\u00bb77762&#8243; img_size=\u00bbfull\u00bb el_class=\u00bbimg-full\u00bb][\/vc_column][vc_column width=\u00bb1\/2&#8243; css=\u00bb.vc_custom_1469789206354{padding-top: 50px !important;padding-right: 135px !important;padding-bottom: 50px !important;padding-left: 135px !important;background-image: url(http:\/\/www.pinchili.com\/web\/wp-content\/uploads\/2015\/10\/service-list-01-021.jpg?id=74097) !important;}\u00bb el_class=\u00bbmd-reset-padding xs-reset-padding-left-right\u00bb][vc_custom_heading text=\u00bbASEGURE SU INVERSI\u00d3N\u00bb font_container=\u00bbtag:h3|text_align:left|color:%23ffffff\u00bb use_theme_fonts=\u00bbyes\u00bb css=\u00bb.vc_custom_1562688974286{margin-bottom: 15px !important;}\u00bb][vc_custom_heading text=\u00bbNuestros servicios est\u00e1n desarrollados para garantizar a nuestros clientes su inversi\u00f3n, no permitiremos que env\u00ede dinero a un proveedor dudoso o que alguna mercanc\u00eda salga a su destino sin tener \u00f3ptimas condiciones\u00bb font_container=\u00bbtag:div|text_align:left|color:%23ffffff\u00bb use_theme_fonts=\u00bbyes\u00bb css=\u00bb.vc_custom_1562688985316{margin-bottom: 35px !important;}\u00bb][vc_column_text el_class=\u00bbpolygon-list type1 color-white\u00bb css=\u00bb.vc_custom_1477435234219{padding-left: 30px !important;}\u00bb][\/vc_column_text][\/vc_column][\/vc_row][vc_row full_width=\u00bbstretch_row_content_no_spaces\u00bb content_placement=\u00bbmiddle\u00bb columns_same_height=\u00bbtrue\u00bb css=\u00bb.vc_custom_1469789438174{margin-bottom: 0px !important;background-color: #1674d1 !important;}\u00bb][vc_column width=\u00bb1\/2&#8243; css=\u00bb.vc_custom_1469789425027{padding-top: 50px !important;padding-right: 135px !important;padding-bottom: 50px !important;padding-left: 135px !important;background-image: url(http:\/\/www.pinchili.com\/web\/wp-content\/uploads\/2015\/10\/service-list-02-021.jpg?id=74100) !important;}\u00bb el_class=\u00bbmd-reset-padding xs-reset-padding-left-right\u00bb][vc_custom_heading text=\u00bbPAGUE MENOS POR MAS\u00bb font_container=\u00bbtag:h3|text_align:left|color:%23ffffff\u00bb use_theme_fonts=\u00bbyes\u00bb css=\u00bb.vc_custom_1562688999773{margin-bottom: 15px !important;}\u00bb][vc_custom_heading text=\u00bbNuestro equipo ubica los mejores fabricantes y planea la m\u00e1s eficaz log\u00edstica de compra, presentamos todos los posibles costos, no hay comisiones ocultas o gastos sorpresas.\u00bb font_container=\u00bbtag:div|text_align:left|color:%23ffffff\u00bb use_theme_fonts=\u00bbyes\u00bb css=\u00bb.vc_custom_1562689011320{margin-bottom: 35px !important;}\u00bb][vc_column_text el_class=\u00bbpolygon-list type1 color-white\u00bb css=\u00bb.vc_custom_1477435488966{padding-left: 30px !important;}\u00bb][\/vc_column_text][\/vc_column][vc_column width=\u00bb1\/2&#8243; css=\u00bb.vc_custom_1469789386778{background-position: center !important;background-repeat: no-repeat !important;background-size: cover !important;}\u00bb][vc_single_image image=\u00bb77763&#8243; img_size=\u00bbfull\u00bb el_class=\u00bbimg-full\u00bb][\/vc_column][\/vc_row][vc_row full_width=\u00bbstretch_row_content_no_spaces\u00bb content_placement=\u00bbmiddle\u00bb columns_same_height=\u00bbtrue\u00bb css=\u00bb.vc_custom_1469789232478{margin-bottom: 0px !important;background-color: #111111 !important;}\u00bb][vc_column width=\u00bb1\/2&#8243; css=\u00bb.vc_custom_1469789136370{background-position: center !important;background-repeat: no-repeat !important;background-size: cover !important;}\u00bb][vc_single_image image=\u00bb77764&#8243; img_size=\u00bbfull\u00bb el_class=\u00bbimg-full\u00bb][\/vc_column][vc_column width=\u00bb1\/2&#8243; css=\u00bb.vc_custom_1469789206354{padding-top: 50px !important;padding-right: 135px !important;padding-bottom: 50px !important;padding-left: 135px !important;background-image: url(http:\/\/www.pinchili.com\/web\/wp-content\/uploads\/2015\/10\/service-list-01-021.jpg?id=74097) !important;}\u00bb el_class=\u00bbmd-reset-padding xs-reset-padding-left-right\u00bb][vc_custom_heading text=\u00bbNUESTRA PROPUESTA DE VALOR\u00bb font_container=\u00bbtag:h3|text_align:left|color:%23ffffff\u00bb use_theme_fonts=\u00bbyes\u00bb css=\u00bb.vc_custom_1562689026643{margin-bottom: 15px !important;}\u00bb][vc_custom_heading text=\u00bb\u2022 Conozca directamente al fabricante al que est\u00e1 comprando.<br \/>\n\u2022 Somos el filtro que elimina las posibles de p\u00e9rdidas.<br \/>\n\u2022 Hable siempre en Espa\u00f1ol sobre sus necesidades nosotros nos encargamos de traducirlo a mandar\u00edn t\u00e9cnico.<br \/>\n\u2022 Estamos cerca de los fabricantes, podemos visitar sus instalaciones en cualquier momento que usted lo necesite.\u00bb font_container=\u00bbtag:div|text_align:left|color:%23ffffff\u00bb use_theme_fonts=\u00bbyes\u00bb css=\u00bb.vc_custom_1562689040007{margin-bottom: 35px !important;}\u00bb][vc_column_text el_class=\u00bbpolygon-list type1 color-white\u00bb css=\u00bb.vc_custom_1477435566841{padding-left: 30px !important;}\u00bb][\/vc_column_text][\/vc_column][\/vc_row][vc_row full_width=\u00bbstretch_row\u00bb css=\u00bb.vc_custom_1469788921921{margin-bottom: 0px !important;padding-top: 70px !important;padding-bottom: 65px !important;background-image: url(http:\/\/www.pinchili.com\/web\/wp-content\/uploads\/2015\/09\/section04.jpg?id=128) !important;background-position: center !important;background-repeat: no-repeat !important;background-size: cover !important;}\u00bb][vc_column width=\u00bb2\/3&#8243; reveal=\u00bbscale down 20%\u00bb][vc_custom_heading text=\u00bb\u00a1 Ponemos China al alcance de tu mano !\u00bb font_container=\u00bbtag:h3|text_align:center|color:%23ffffff\u00bb use_theme_fonts=\u00bbyes\u00bb tm_letter_spacing=\u00bb0.15em\u00bb css=\u00bb.vc_custom_1484683142243{margin-bottom: 10px !important;padding-top: 5px !important;}\u00bb][\/vc_column][vc_column width=\u00bb1\/3&#8243; el_class=\u00bbcenter\u00bb reveal=\u00bbscale down 20%\u00bb][thememove_button text=\u00bbCONT\u00c1CTANOS\u00bb el_class=\u00bbskin-fill-white\u00bb url=\u00bbhttp:\/\/www.pinchili.com\/web\/es\/contact-us-1\/\u00bb][\/vc_column][\/vc_row]<\/p>\n<\/div>","protected":false},"excerpt":{"rendered":"<p>[vc_row full_width=\u00bbstretch_row\u00bb css=\u00bb.vc_custom_1477996536732{margin-top: 0px !important;margin-bottom: 0px !important;padding-top: 170px !important;padding-bottom: 165px !important;background-image: url(http:\/\/www.pinchili.com\/web\/wp-content\/uploads\/2015\/10\/servicios_servicio-general.png?id=76129) !important;background-position: center !important;background-repeat: no-repeat !important;background-size: cover !important;}\u00bb][vc_column][vc_column_text el_class=\u00bbsection-title\u00bb css=\u00bb.vc_custom_1486750069229{margin-top: -25px !important;margin-bottom: 0px !important;}\u00bb] SOMOS EL ALIADO COMERCIAL Y LOG\u00cdSTICO [\/vc_column_text][vc_custom_heading text=\u00bbque cualquier emprendedor, empresa o industria grande, mediana o peque\u00f1a, necesita tener.\u00bb font_container=\u00bbtag:div|font_size:15px|text_align:left|color:%23ffffff\u00bb use_theme_fonts=\u00bbyes\u00bb css=\u00bb.vc_custom_1523115399904{margin-top: 20px !important;}\u00bb][\/vc_column][\/vc_row][vc_row el_class=\u00bbthememove-icon-box\u00bb css=\u00bb.vc_custom_1443429108890{margin-top: 80px !important;margin-bottom: 0px !important;}\u00bb [&hellip;]<\/p>\n","protected":false},"author":1,"featured_media":0,"parent":0,"menu_order":0,"comment_status":"closed","ping_status":"closed","template":"","meta":{"_monsterinsights_skip_tracking":false,"_monsterinsights_sitenote_active":false,"_monsterinsights_sitenote_note":"","_monsterinsights_sitenote_category":0,"_joinchat":[],"footnotes":""},"class_list":["post-74052","page","type-page","status-publish","hentry"],"yoast_head":"<!-- This site is optimized with the Yoast SEO plugin v27.5 - https:\/\/yoast.com\/product\/yoast-seo-wordpress\/ -->\n<title>Servicios - Pinchili<\/title>\n<meta name=\"robots\" content=\"index, follow, max-snippet:-1, max-image-preview:large, max-video-preview:-1\" \/>\n<link rel=\"canonical\" href=\"https:\/\/www.pinchili.com\/web\/es\/servicios\/\" \/>\n<meta property=\"og:locale\" content=\"es_ES\" \/>\n<meta property=\"og:type\" content=\"article\" \/>\n<meta property=\"og:title\" content=\"Servicios - Pinchili\" \/>\n<meta property=\"og:description\" content=\"[vc_row full_width=\u00bbstretch_row\u00bb css=\u00bb.vc_custom_1477996536732{margin-top: 0px !important;margin-bottom: 0px !important;padding-top: 170px !important;padding-bottom: 165px !important;background-image: url(http:\/\/www.pinchili.com\/web\/wp-content\/uploads\/2015\/10\/servicios_servicio-general.png?id=76129) !important;background-position: center !important;background-repeat: no-repeat !important;background-size: cover !important;}\u00bb][vc_column][vc_column_text el_class=\u00bbsection-title\u00bb css=\u00bb.vc_custom_1486750069229{margin-top: -25px !important;margin-bottom: 0px !important;}\u00bb] SOMOS EL ALIADO COMERCIAL Y LOG\u00cdSTICO [\/vc_column_text][vc_custom_heading text=\u00bbque cualquier emprendedor, empresa o industria grande, mediana o peque\u00f1a, necesita tener.\u00bb font_container=\u00bbtag:div|font_size:15px|text_align:left|color:%23ffffff\u00bb use_theme_fonts=\u00bbyes\u00bb css=\u00bb.vc_custom_1523115399904{margin-top: 20px !important;}\u00bb][\/vc_column][\/vc_row][vc_row el_class=\u00bbthememove-icon-box\u00bb css=\u00bb.vc_custom_1443429108890{margin-top: 80px !important;margin-bottom: 0px !important;}\u00bb [&hellip;]\" \/>\n<meta property=\"og:url\" content=\"https:\/\/www.pinchili.com\/web\/es\/servicios\/\" \/>\n<meta property=\"og:site_name\" content=\"Pinchili\" \/>\n<meta property=\"article:publisher\" content=\"https:\/\/www.facebook.com\/pinchilichina\" \/>\n<meta property=\"article:modified_time\" content=\"2022-08-09T13:38:18+00:00\" \/>\n<meta property=\"og:image\" content=\"https:\/\/www.pinchili.com\/web\/wp-content\/uploads\/2021\/12\/avatar3.png\" \/>\n\t<meta property=\"og:image:width\" content=\"500\" \/>\n\t<meta property=\"og:image:height\" content=\"500\" \/>\n\t<meta property=\"og:image:type\" content=\"image\/png\" \/>\n<meta name=\"twitter:card\" content=\"summary_large_image\" \/>\n<meta name=\"twitter:site\" content=\"@pinchili_china\" \/>\n<meta name=\"twitter:label1\" content=\"Tiempo de lectura\" \/>\n\t<meta name=\"twitter:data1\" content=\"5 minutos\" \/>\n<script type=\"application\/ld+json\" class=\"yoast-schema-graph\">{\"@context\":\"https:\\\/\\\/schema.org\",\"@graph\":[{\"@type\":\"WebPage\",\"@id\":\"https:\\\/\\\/www.pinchili.com\\\/web\\\/es\\\/servicios\\\/\",\"url\":\"https:\\\/\\\/www.pinchili.com\\\/web\\\/es\\\/servicios\\\/\",\"name\":\"Servicios - Pinchili\",\"isPartOf\":{\"@id\":\"https:\\\/\\\/www.pinchili.com\\\/web\\\/#website\"},\"datePublished\":\"2015-10-03T09:44:49+00:00\",\"dateModified\":\"2022-08-09T13:38:18+00:00\",\"breadcrumb\":{\"@id\":\"https:\\\/\\\/www.pinchili.com\\\/web\\\/es\\\/servicios\\\/#breadcrumb\"},\"inLanguage\":\"es\",\"potentialAction\":[{\"@type\":\"ReadAction\",\"target\":[\"https:\\\/\\\/www.pinchili.com\\\/web\\\/es\\\/servicios\\\/\"]}]},{\"@type\":\"BreadcrumbList\",\"@id\":\"https:\\\/\\\/www.pinchili.com\\\/web\\\/es\\\/servicios\\\/#breadcrumb\",\"itemListElement\":[{\"@type\":\"ListItem\",\"position\":1,\"name\":\"Portada\",\"item\":\"https:\\\/\\\/www.pinchili.com\\\/web\\\/es\\\/pinchili-2\\\/\"},{\"@type\":\"ListItem\",\"position\":2,\"name\":\"Servicios\"}]},{\"@type\":\"WebSite\",\"@id\":\"https:\\\/\\\/www.pinchili.com\\\/web\\\/#website\",\"url\":\"https:\\\/\\\/www.pinchili.com\\\/web\\\/\",\"name\":\"Pinchili\",\"description\":\"Inspecciones de Calidad en China\",\"publisher\":{\"@id\":\"https:\\\/\\\/www.pinchili.com\\\/web\\\/#organization\"},\"potentialAction\":[{\"@type\":\"SearchAction\",\"target\":{\"@type\":\"EntryPoint\",\"urlTemplate\":\"https:\\\/\\\/www.pinchili.com\\\/web\\\/?s={search_term_string}\"},\"query-input\":{\"@type\":\"PropertyValueSpecification\",\"valueRequired\":true,\"valueName\":\"search_term_string\"}}],\"inLanguage\":\"es\"},{\"@type\":\"Organization\",\"@id\":\"https:\\\/\\\/www.pinchili.com\\\/web\\\/#organization\",\"name\":\"Pinchili\",\"url\":\"https:\\\/\\\/www.pinchili.com\\\/web\\\/\",\"logo\":{\"@type\":\"ImageObject\",\"inLanguage\":\"es\",\"@id\":\"https:\\\/\\\/www.pinchili.com\\\/web\\\/#\\\/schema\\\/logo\\\/image\\\/\",\"url\":\"https:\\\/\\\/www.pinchili.com\\\/web\\\/wp-content\\\/uploads\\\/2015\\\/10\\\/nosotros.jpg\",\"contentUrl\":\"https:\\\/\\\/www.pinchili.com\\\/web\\\/wp-content\\\/uploads\\\/2015\\\/10\\\/nosotros.jpg\",\"width\":504,\"height\":442,\"caption\":\"Pinchili\"},\"image\":{\"@id\":\"https:\\\/\\\/www.pinchili.com\\\/web\\\/#\\\/schema\\\/logo\\\/image\\\/\"},\"sameAs\":[\"https:\\\/\\\/www.facebook.com\\\/pinchilichina\",\"https:\\\/\\\/x.com\\\/pinchili_china\",\"http:\\\/\\\/instagram.com\\\/pinchilichina\",\"https:\\\/\\\/www.youtube.com\\\/channel\\\/UCLfdc6OgDQLsphKhbESBmAg\"]}]}<\/script>\n<!-- \/ Yoast SEO plugin. -->","yoast_head_json":{"title":"Servicios - Pinchili","robots":{"index":"index","follow":"follow","max-snippet":"max-snippet:-1","max-image-preview":"max-image-preview:large","max-video-preview":"max-video-preview:-1"},"canonical":"https:\/\/www.pinchili.com\/web\/es\/servicios\/","og_locale":"es_ES","og_type":"article","og_title":"Servicios - Pinchili","og_description":"[vc_row full_width=\u00bbstretch_row\u00bb css=\u00bb.vc_custom_1477996536732{margin-top: 0px !important;margin-bottom: 0px !important;padding-top: 170px !important;padding-bottom: 165px !important;background-image: url(http:\/\/www.pinchili.com\/web\/wp-content\/uploads\/2015\/10\/servicios_servicio-general.png?id=76129) !important;background-position: center !important;background-repeat: no-repeat !important;background-size: cover !important;}\u00bb][vc_column][vc_column_text el_class=\u00bbsection-title\u00bb css=\u00bb.vc_custom_1486750069229{margin-top: -25px !important;margin-bottom: 0px !important;}\u00bb] SOMOS EL ALIADO COMERCIAL Y LOG\u00cdSTICO [\/vc_column_text][vc_custom_heading text=\u00bbque cualquier emprendedor, empresa o industria grande, mediana o peque\u00f1a, necesita tener.\u00bb font_container=\u00bbtag:div|font_size:15px|text_align:left|color:%23ffffff\u00bb use_theme_fonts=\u00bbyes\u00bb css=\u00bb.vc_custom_1523115399904{margin-top: 20px !important;}\u00bb][\/vc_column][\/vc_row][vc_row el_class=\u00bbthememove-icon-box\u00bb css=\u00bb.vc_custom_1443429108890{margin-top: 80px !important;margin-bottom: 0px !important;}\u00bb [&hellip;]","og_url":"https:\/\/www.pinchili.com\/web\/es\/servicios\/","og_site_name":"Pinchili","article_publisher":"https:\/\/www.facebook.com\/pinchilichina","article_modified_time":"2022-08-09T13:38:18+00:00","og_image":[{"width":500,"height":500,"url":"https:\/\/www.pinchili.com\/web\/wp-content\/uploads\/2021\/12\/avatar3.png","type":"image\/png"}],"twitter_card":"summary_large_image","twitter_site":"@pinchili_china","twitter_misc":{"Tiempo de lectura":"5 minutos"},"schema":{"@context":"https:\/\/schema.org","@graph":[{"@type":"WebPage","@id":"https:\/\/www.pinchili.com\/web\/es\/servicios\/","url":"https:\/\/www.pinchili.com\/web\/es\/servicios\/","name":"Servicios - Pinchili","isPartOf":{"@id":"https:\/\/www.pinchili.com\/web\/#website"},"datePublished":"2015-10-03T09:44:49+00:00","dateModified":"2022-08-09T13:38:18+00:00","breadcrumb":{"@id":"https:\/\/www.pinchili.com\/web\/es\/servicios\/#breadcrumb"},"inLanguage":"es","potentialAction":[{"@type":"ReadAction","target":["https:\/\/www.pinchili.com\/web\/es\/servicios\/"]}]},{"@type":"BreadcrumbList","@id":"https:\/\/www.pinchili.com\/web\/es\/servicios\/#breadcrumb","itemListElement":[{"@type":"ListItem","position":1,"name":"Portada","item":"https:\/\/www.pinchili.com\/web\/es\/pinchili-2\/"},{"@type":"ListItem","position":2,"name":"Servicios"}]},{"@type":"WebSite","@id":"https:\/\/www.pinchili.com\/web\/#website","url":"https:\/\/www.pinchili.com\/web\/","name":"Pinchili","description":"Inspecciones de Calidad en China","publisher":{"@id":"https:\/\/www.pinchili.com\/web\/#organization"},"potentialAction":[{"@type":"SearchAction","target":{"@type":"EntryPoint","urlTemplate":"https:\/\/www.pinchili.com\/web\/?s={search_term_string}"},"query-input":{"@type":"PropertyValueSpecification","valueRequired":true,"valueName":"search_term_string"}}],"inLanguage":"es"},{"@type":"Organization","@id":"https:\/\/www.pinchili.com\/web\/#organization","name":"Pinchili","url":"https:\/\/www.pinchili.com\/web\/","logo":{"@type":"ImageObject","inLanguage":"es","@id":"https:\/\/www.pinchili.com\/web\/#\/schema\/logo\/image\/","url":"https:\/\/www.pinchili.com\/web\/wp-content\/uploads\/2015\/10\/nosotros.jpg","contentUrl":"https:\/\/www.pinchili.com\/web\/wp-content\/uploads\/2015\/10\/nosotros.jpg","width":504,"height":442,"caption":"Pinchili"},"image":{"@id":"https:\/\/www.pinchili.com\/web\/#\/schema\/logo\/image\/"},"sameAs":["https:\/\/www.facebook.com\/pinchilichina","https:\/\/x.com\/pinchili_china","http:\/\/instagram.com\/pinchilichina","https:\/\/www.youtube.com\/channel\/UCLfdc6OgDQLsphKhbESBmAg"]}]}},"_links":{"self":[{"href":"https:\/\/www.pinchili.com\/web\/wp-json\/wp\/v2\/pages\/74052","targetHints":{"allow":["GET"]}}],"collection":[{"href":"https:\/\/www.pinchili.com\/web\/wp-json\/wp\/v2\/pages"}],"about":[{"href":"https:\/\/www.pinchili.com\/web\/wp-json\/wp\/v2\/types\/page"}],"author":[{"embeddable":true,"href":"https:\/\/www.pinchili.com\/web\/wp-json\/wp\/v2\/users\/1"}],"replies":[{"embeddable":true,"href":"https:\/\/www.pinchili.com\/web\/wp-json\/wp\/v2\/comments?post=74052"}],"version-history":[{"count":0,"href":"https:\/\/www.pinchili.com\/web\/wp-json\/wp\/v2\/pages\/74052\/revisions"}],"wp:attachment":[{"href":"https:\/\/www.pinchili.com\/web\/wp-json\/wp\/v2\/media?parent=74052"}],"curies":[{"name":"wp","href":"https:\/\/api.w.org\/{rel}","templated":true}]}}